{"id":47,"date":"2021-05-24T00:18:46","date_gmt":"2021-05-24T03:18:46","guid":{"rendered":"https:\/\/enciclopediacatolica.com.br\/?page_id=47"},"modified":"2021-12-27T19:11:28","modified_gmt":"2021-12-27T22:11:28","slug":"a","status":"publish","type":"page","link":"https:\/\/enciclopediacatolica.com.br\/?page_id=47","title":{"rendered":"A"},"content":{"rendered":"\n<p><a href=\"https:\/\/enciclopediacatolica.com.br\/?p=131\" title=\"Aachen\">Aachen<\/a> \u2013 Em Franc\u00eas, Aix-la-Chapelle, o nome pelo qual a cidade \u00e9 normalmente conhecida; em Latim Aquae Grani, posteriormente Aquisgranum<br><a href=\"https:\/\/enciclopediacatolica.com.br\/?p=583\" title=\"Abadon\">Abadon<\/a> \u2013 Um termo em hebraico que significa: ru\u00edna, destrui\u00e7\u00e3o (J\u00f3 31:12); lugar de destrui\u00e7\u00e3o; o Abismo, habita\u00e7\u00e3o dos mortos (J\u00f3 26:6; Prov\u00e9rbios 15:11)<br><a href=\"https:\/\/enciclopediacatolica.com.br\/?p=135\" title=\"Abel\">Abel<\/a> \u2013 Coment\u00e1rios sobre a primeira v\u00edtima assassinada<br><a href=\"https:\/\/enciclopediacatolica.com.br\/?p=125\">Abra\u00e3o<\/a> \u2013 Esbo\u00e7o da sua vida, com pontos de vista do Novo e do Antigo Testamentos<br><a href=\"https:\/\/enciclopediacatolica.com.br\/?p=137\" title=\"Adonai\">Adonai<\/a> \u2013 Palavra em hebraico que significa &#8216;senhor, governante\u2019, \u00e9 um nome conferido a Deus no Antigo Testamento<br><a href=\"https:\/\/enciclopediacatolica.com.br\/?p=534\" title=\"\u00c1gua Benta\">\u00c1gua Benta<\/a> \u2013 No in\u00edcio do cristianismo, a \u00e1gua era usada para fins expiat\u00f3rios e purificat\u00f3rios, de modo an\u00e1logo ao que era empregado sob a Lei Judaica<br><a href=\"https:\/\/enciclopediacatolica.com.br\/?p=139\" title=\"Aleluia\">Aleluia<\/a> \u2013 Uma express\u00e3o m\u00edstica lit\u00fargica<br><a href=\"https:\/\/enciclopediacatolica.com.br\/?p=141\" title=\"Allah\">Allah<\/a> \u2013 O nome de Deus em \u00e1rabe<br><a href=\"https:\/\/enciclopediacatolica.com.br\/?p=143\" title=\"Am\u00e9m\">Am\u00e9m<\/a> \u00a0\u2013 Uma de um pequeno n\u00famero de palavras hebraicas que foram importadas sem modifica\u00e7\u00e3o para a liturgia da Igreja<br><a href=\"https:\/\/enciclopediacatolica.com.br\/?p=145\" title=\"Santo Andr\u00e9\">Andr\u00e9, Santo (Ap\u00f3stolo e M\u00e1rtir)<\/a> \u2013 O ap\u00f3stolo nas Escrituras e na tradi\u00e7\u00e3o<br><a href=\"https:\/\/enciclopediacatolica.com.br\/?p=147\" title=\"Ave Maria\">Ave Maria<\/a> \u2013 An\u00e1lise da ora\u00e7\u00e3o Ave Maria: origens e desenvolvimento<\/p>\n","protected":false},"excerpt":{"rendered":"<p>Aachen \u2013 Em Franc\u00eas, Aix-la-Chapelle, o nome pelo qual a cidade \u00e9 normalmente conhecida; em Latim Aquae Grani, posteriormente AquisgranumAbadon \u2013 Um termo em hebraico que significa: ru\u00edna, destrui\u00e7\u00e3o (J\u00f3 31:12); lugar de destrui\u00e7\u00e3o; o Abismo, habita\u00e7\u00e3o dos mortos (J\u00f3 26:6; Prov\u00e9rbios 15:11)Abel \u2013 Coment\u00e1rios sobre a primeira v\u00edtima assassinadaAbra\u00e3o \u2013 Esbo\u00e7o da sua vida, &hellip; <\/p>\n<p class=\"link-more\"><a href=\"https:\/\/enciclopediacatolica.com.br\/?page_id=47\" class=\"more-link\">Read the full post &rarr;<span class=\"screen-reader-text\">&#8220;A&#8221;<\/span><\/a><\/p>\n","protected":false},"author":1,"featured_media":0,"parent":0,"menu_order":0,"comment_status":"closed","ping_status":"closed","template":"","meta":{"om_disable_all_campaigns":false,"_monsterinsights_skip_tracking":false,"_monsterinsights_sitenote_active":false,"_monsterinsights_sitenote_note":"","_monsterinsights_sitenote_category":0,"footnotes":""},"class_list":["post-47","page","type-page","status-publish","hentry"],"jetpack_sharing_enabled":true,"_links":{"self":[{"href":"https:\/\/enciclopediacatolica.com.br\/index.php?rest_route=\/wp\/v2\/pages\/47","targetHints":{"allow":["GET"]}}],"collection":[{"href":"https:\/\/enciclopediacatolica.com.br\/index.php?rest_route=\/wp\/v2\/pages"}],"about":[{"href":"https:\/\/enciclopediacatolica.com.br\/index.php?rest_route=\/wp\/v2\/types\/page"}],"author":[{"embeddable":true,"href":"https:\/\/enciclopediacatolica.com.br\/index.php?rest_route=\/wp\/v2\/users\/1"}],"replies":[{"embeddable":true,"href":"https:\/\/enciclopediacatolica.com.br\/index.php?rest_route=%2Fwp%2Fv2%2Fcomments&post=47"}],"version-history":[{"count":10,"href":"https:\/\/enciclopediacatolica.com.br\/index.php?rest_route=\/wp\/v2\/pages\/47\/revisions"}],"predecessor-version":[{"id":588,"href":"https:\/\/enciclopediacatolica.com.br\/index.php?rest_route=\/wp\/v2\/pages\/47\/revisions\/588"}],"wp:attachment":[{"href":"https:\/\/enciclopediacatolica.com.br\/index.php?rest_route=%2Fwp%2Fv2%2Fmedia&parent=47"}],"curies":[{"name":"wp","href":"https:\/\/api.w.org\/{rel}","templated":true}]}}