{"id":49,"date":"2021-05-24T00:19:21","date_gmt":"2021-05-24T03:19:21","guid":{"rendered":"https:\/\/enciclopediacatolica.com.br\/?page_id=49"},"modified":"2021-12-27T19:44:05","modified_gmt":"2021-12-27T22:44:05","slug":"b","status":"publish","type":"page","link":"https:\/\/enciclopediacatolica.com.br\/?page_id=49","title":{"rendered":"B"},"content":{"rendered":"\n<p><a href=\"https:\/\/enciclopediacatolica.com.br\/?p=149\" title=\"Franz Xaver von Baader\">Baader, Franz Xaver von<\/a> \u2013 Fil\u00f3sofo alem\u00e3o, nascido em Munique em 1765; morto em 23 de Maio de 1841<br><a href=\"https:\/\/enciclopediacatolica.com.br\/?p=589\" title=\"S\u00e9rgio e Baco\">Baco e S\u00e9rgio<\/a> \u2013 Soldados, martirizados na persegui\u00e7\u00e3o diocleciana por volta de 303. Universalmente venerados no Oriente<br><a href=\"https:\/\/enciclopediacatolica.com.br\/?p=151\" title=\"Balbeque\">Balbeque<\/a> \u2013 Cidade na S\u00edria; tamb\u00e9m chamada de Heli\u00f3polis<br><a href=\"https:\/\/enciclopediacatolica.com.br\/?p=153\" title=\"S. Barnab\u00e9\">Barnab\u00e9, S\u00e3o<\/a> \u2013 Originalmente Jos\u00e9, designa um Ap\u00f3stolo nas Sagrada Escritura, e, como S. Paulo, \u00e9 classificado pela Igreja junto com os Doze, embora n\u00e3o seja um deles<br><a href=\"https:\/\/enciclopediacatolica.com.br\/?p=155\" title=\"S\u00e3o Bartolomeu\">Bartolomeu, S\u00e3o<\/a> \u2013 Mencionado na lista dos ap\u00f3stolos dos Evangelhos Sin\u00f3ticos e nos Atos, pensa-se ser a mesma pessoa de Natanael (mencionado apenas no Evangelho de Jo\u00e3o)<br><a href=\"https:\/\/enciclopediacatolica.com.br\/?p=157\" title=\"Beatifica\u00e7\u00e3o e Canoniza\u00e7\u00e3o\">Beatifica\u00e7\u00e3o e Canoniza\u00e7\u00e3o<\/a> \u2013 De acordo com alguns escritores a origem da beatifica\u00e7\u00e3o e da canoniza\u00e7\u00e3o na Igreja Cat\u00f3lica remonta \u00e0 antiga apotheosis pag\u00e3<br><a href=\"https:\/\/enciclopediacatolica.com.br\/?p=159\" title=\"Blasf\u00eamia\">Blasf\u00eamia<\/a> \u2013 Significa etimologicamente uma irrever\u00eancia grosseira dirigida a qualquer pessoa ou coisa digna de exaltada estima<\/p>\n","protected":false},"excerpt":{"rendered":"<p>Baader, Franz Xaver von \u2013 Fil\u00f3sofo alem\u00e3o, nascido em Munique em 1765; morto em 23 de Maio de 1841Baco e S\u00e9rgio \u2013 Soldados, martirizados na persegui\u00e7\u00e3o diocleciana por volta de 303. Universalmente venerados no OrienteBalbeque \u2013 Cidade na S\u00edria; tamb\u00e9m chamada de Heli\u00f3polisBarnab\u00e9, S\u00e3o \u2013 Originalmente Jos\u00e9, designa um Ap\u00f3stolo nas Sagrada Escritura, e, como &hellip; <\/p>\n<p class=\"link-more\"><a href=\"https:\/\/enciclopediacatolica.com.br\/?page_id=49\" class=\"more-link\">Read the full post &rarr;<span class=\"screen-reader-text\">&#8220;B&#8221;<\/span><\/a><\/p>\n","protected":false},"author":1,"featured_media":0,"parent":0,"menu_order":0,"comment_status":"closed","ping_status":"closed","template":"","meta":{"om_disable_all_campaigns":false,"_monsterinsights_skip_tracking":false,"_monsterinsights_sitenote_active":false,"_monsterinsights_sitenote_note":"","_monsterinsights_sitenote_category":0,"footnotes":""},"class_list":["post-49","page","type-page","status-publish","hentry"],"jetpack_sharing_enabled":true,"_links":{"self":[{"href":"https:\/\/enciclopediacatolica.com.br\/index.php?rest_route=\/wp\/v2\/pages\/49","targetHints":{"allow":["GET"]}}],"collection":[{"href":"https:\/\/enciclopediacatolica.com.br\/index.php?rest_route=\/wp\/v2\/pages"}],"about":[{"href":"https:\/\/enciclopediacatolica.com.br\/index.php?rest_route=\/wp\/v2\/types\/page"}],"author":[{"embeddable":true,"href":"https:\/\/enciclopediacatolica.com.br\/index.php?rest_route=\/wp\/v2\/users\/1"}],"replies":[{"embeddable":true,"href":"https:\/\/enciclopediacatolica.com.br\/index.php?rest_route=%2Fwp%2Fv2%2Fcomments&post=49"}],"version-history":[{"count":3,"href":"https:\/\/enciclopediacatolica.com.br\/index.php?rest_route=\/wp\/v2\/pages\/49\/revisions"}],"predecessor-version":[{"id":592,"href":"https:\/\/enciclopediacatolica.com.br\/index.php?rest_route=\/wp\/v2\/pages\/49\/revisions\/592"}],"wp:attachment":[{"href":"https:\/\/enciclopediacatolica.com.br\/index.php?rest_route=%2Fwp%2Fv2%2Fmedia&parent=49"}],"curies":[{"name":"wp","href":"https:\/\/api.w.org\/{rel}","templated":true}]}}