{"id":53,"date":"2021-05-24T00:21:49","date_gmt":"2021-05-24T03:21:49","guid":{"rendered":"https:\/\/enciclopediacatolica.com.br\/?page_id=53"},"modified":"2022-01-02T10:22:12","modified_gmt":"2022-01-02T13:22:12","slug":"c","status":"publish","type":"page","link":"https:\/\/enciclopediacatolica.com.br\/?page_id=53","title":{"rendered":"C"},"content":{"rendered":"\n<p><a href=\"https:\/\/enciclopediacatolica.com.br\/?p=161\" title=\"Cabala\">Cabala<\/a> \u2013 primariamente significa recep\u00e7\u00e3o e, secundariamente, uma doutrina recebida por tradi\u00e7\u00e3o oral<br><a href=\"https:\/\/enciclopediacatolica.com.br\/?p=163\" title=\"Fern\u00e1n Caballero\">Caballero, Fern\u00e1n de<\/a> \u2013 pseud\u00f4nimo de Cecilia B\u00f6hl von Faber, uma not\u00e1vel romancista espanhola (1796-1877)<br><a href=\"https:\/\/enciclopediacatolica.com.br\/?p=165\" title=\"Raimundo Diosdado Caballero\">\u200bCaballero, Raimundo Diosdado<\/a> \u2013 Escritor (1740-1830)<br><a href=\"https:\/\/enciclopediacatolica.com.br\/?p=167\" title=\"Juan Caballero y Ocio\">Caballero y Ocio, Juan<\/a> \u2013 Padre, reconhecido por generosas doa\u00e7\u00f5es para a Igreja e para a caridade (1644-1707)<br><a href=\"https:\/\/enciclopediacatolica.com.br\/?p=169\" title=\"Caim\">Caim<\/a> \u2013 Primog\u00eanito de Ad\u00e3o e Eva<br><a href=\"https:\/\/enciclopediacatolica.com.br\/?p=157\" title=\"Beatifica\u00e7\u00e3o e Canoniza\u00e7\u00e3o\">Canoniza\u00e7\u00e3o e Beatifica\u00e7\u00e3o<\/a> \u2013 De acordo com alguns escritores a origem da beatifica\u00e7\u00e3o e da canoniza\u00e7\u00e3o na Igreja Cat\u00f3lica remonta \u00e0 antiga apotheosis pag\u00e3<br><a href=\"https:\/\/enciclopediacatolica.com.br\/?p=547\" title=\"Carmelo\">Carmelo<\/a> \u2013 Designa no Antigo Testamento uma certa cidade e seu territ\u00f3rio adjacente na tribo de Jud\u00e1<br><a href=\"https:\/\/enciclopediacatolica.com.br\/?p=551\" title=\"Festa de Nossa Senhora do Carmo\">Carmo, Festa de Nossa Senhora do<\/a> \u2013 Esta festa foi institu\u00edda pelos carmelitas entre 1376 e 1386<br><a href=\"https:\/\/enciclopediacatolica.com.br\/?p=171\" title=\"Cesareia de Filipe\">Cesareia de Filipe<\/a> \u2013 Uma s\u00e9 residencial grega cat\u00f3lica e s\u00e9 titular na S\u00edria<br><a href=\"https:\/\/enciclopediacatolica.com.br\/?p=627\" title=\"Papa S. Cleto\">Cleto, Papa S\u00e3o<\/a> \u2013 Explica que &#8216;Cleto&#8217; \u00e9 apenas outra forma para &#8216;Anacleto&#8217; e explica brevemente como se deu o erro de pensar que os dois nomes s\u00e3o de dois papas diferentes; diz que Cleto morreu por volta de 88<br><a href=\"https:\/\/enciclopediacatolica.com.br\/?p=542\" title=\"Concord\u00e2ncias da B\u00edblia\">Concord\u00e2ncias da B\u00edblia<\/a> \u2013 Listas de palavras b\u00edblicas organizadas em ordem alfab\u00e9tica com indica\u00e7\u00f5es para habilitar o pesquisador a encontrar a passagem da B\u00edblia onde a palavra ocorre<\/p>\n","protected":false},"excerpt":{"rendered":"<p>Cabala \u2013 primariamente significa recep\u00e7\u00e3o e, secundariamente, uma doutrina recebida por tradi\u00e7\u00e3o oralCaballero, Fern\u00e1n de \u2013 pseud\u00f4nimo de Cecilia B\u00f6hl von Faber, uma not\u00e1vel romancista espanhola (1796-1877)\u200bCaballero, Raimundo Diosdado \u2013 Escritor (1740-1830)Caballero y Ocio, Juan \u2013 Padre, reconhecido por generosas doa\u00e7\u00f5es para a Igreja e para a caridade (1644-1707)Caim \u2013 Primog\u00eanito de Ad\u00e3o e EvaCanoniza\u00e7\u00e3o &hellip; <\/p>\n<p class=\"link-more\"><a href=\"https:\/\/enciclopediacatolica.com.br\/?page_id=53\" class=\"more-link\">Read the full post &rarr;<span class=\"screen-reader-text\">&#8220;C&#8221;<\/span><\/a><\/p>\n","protected":false},"author":1,"featured_media":0,"parent":0,"menu_order":0,"comment_status":"closed","ping_status":"closed","template":"","meta":{"om_disable_all_campaigns":false,"_monsterinsights_skip_tracking":false,"_monsterinsights_sitenote_active":false,"_monsterinsights_sitenote_note":"","_monsterinsights_sitenote_category":0,"footnotes":""},"class_list":["post-53","page","type-page","status-publish","hentry"],"jetpack_sharing_enabled":true,"_links":{"self":[{"href":"https:\/\/enciclopediacatolica.com.br\/index.php?rest_route=\/wp\/v2\/pages\/53","targetHints":{"allow":["GET"]}}],"collection":[{"href":"https:\/\/enciclopediacatolica.com.br\/index.php?rest_route=\/wp\/v2\/pages"}],"about":[{"href":"https:\/\/enciclopediacatolica.com.br\/index.php?rest_route=\/wp\/v2\/types\/page"}],"author":[{"embeddable":true,"href":"https:\/\/enciclopediacatolica.com.br\/index.php?rest_route=\/wp\/v2\/users\/1"}],"replies":[{"embeddable":true,"href":"https:\/\/enciclopediacatolica.com.br\/index.php?rest_route=%2Fwp%2Fv2%2Fcomments&post=53"}],"version-history":[{"count":6,"href":"https:\/\/enciclopediacatolica.com.br\/index.php?rest_route=\/wp\/v2\/pages\/53\/revisions"}],"predecessor-version":[{"id":630,"href":"https:\/\/enciclopediacatolica.com.br\/index.php?rest_route=\/wp\/v2\/pages\/53\/revisions\/630"}],"wp:attachment":[{"href":"https:\/\/enciclopediacatolica.com.br\/index.php?rest_route=%2Fwp%2Fv2%2Fmedia&parent=53"}],"curies":[{"name":"wp","href":"https:\/\/api.w.org\/{rel}","templated":true}]}}