{"id":55,"date":"2021-05-24T00:22:06","date_gmt":"2021-05-24T03:22:06","guid":{"rendered":"https:\/\/enciclopediacatolica.com.br\/?page_id=55"},"modified":"2022-01-01T16:16:46","modified_gmt":"2022-01-01T19:16:46","slug":"d","status":"publish","type":"page","link":"https:\/\/enciclopediacatolica.com.br\/?page_id=55","title":{"rendered":"D"},"content":{"rendered":"\n<p><a href=\"https:\/\/enciclopediacatolica.com.br\/?p=173\" title=\"Claude Dablon\">Dablon, Claude<\/a> \u2013 Mission\u00e1rio jesu\u00edta, nascido em Dieppe, Fran\u00e7a em Fevereiro de 1618; morto em Quebec em 3 de Maio de 1697<br><a href=\"https:\/\/enciclopediacatolica.com.br\/?p=175\" title=\"D\u00e9cio\">D\u00e9cio<\/a> \u2013 Imperador Romano 249-251<br><a href=\"https:\/\/enciclopediacatolica.com.br\/?p=177\" title=\"Dec\u00e1logo\">Dec\u00e1logo<\/a> \u2013 Termo empregado para designar a cole\u00e7\u00e3o de preceitos escritos em duas t\u00e1buas de pedra e dados por Deus a Mois\u00e9s no Monte Sinai<br><a href=\"https:\/\/enciclopediacatolica.com.br\/?p=179\" title=\"Decreto\">Decreto<\/a> \u2013 Num sentido geral, uma ordem ou lei feita por uma autoridade superior para o direcionamento de outros. No uso eclesi\u00e1stico possui v\u00e1rios significados. Qualquer Bula papal, Breve, ou Motu Proprio \u00e9 um decreto \u00e0 medida que estes documentos s\u00e3o atos legislativos do Santo Padre<br><a href=\"https:\/\/enciclopediacatolica.com.br\/?p=181\" title=\"Dedica\u00e7\u00e3o\">Dedica\u00e7\u00e3o<\/a> \u2013 Um termo que, embora algumas vezes seja usado para designar pessoas que s\u00e3o consagradas ao servi\u00e7o de Deus, \u00e9 mais apropriadamente aplicado a \u201csepara\u00e7\u00e3o\u201d de lugares para fins especiais e sagrados<br><a href=\"https:\/\/enciclopediacatolica.com.br\/?p=183\" title=\"Deus\">Deus<\/a> \u2013 Links para cinco artigos sobre o assunto<br><a href=\"https:\/\/enciclopediacatolica.com.br\/?p=185\" title=\"Etimologia da Palavra \u201cDeus\u201d\">&#8220;Deus&#8221;, Etimologia da Palavra<\/a> \u2013 Do anglo-sax\u00e3o God; alem\u00e3o Gott; semelhante ao persa khoda; hindu khooda<br><a href=\"https:\/\/enciclopediacatolica.com.br\/?p=187\" title=\"Rela\u00e7\u00e3o de Deus com o Universo\">Deus, Rela\u00e7\u00e3o com o Universo<\/a> \u2013 Se\u00e7\u00e3o que inclui a essencial depend\u00eancia de Deus do universo, a iman\u00eancia e transcend\u00eancia divinas e a possibilidade do sobrenatural<br><a href=\"https:\/\/enciclopediacatolica.com.br\/?p=189\" title=\"Os Dez Mandamentos\">Dez Mandamentos<\/a> \u2013 As obriga\u00e7\u00f5es fundamentais da religi\u00e3o e moralidade e incorporam a express\u00e3o revelada da vontade do Criador em rela\u00e7\u00e3o a todo o dever do homem para com Deus e com seus semelhantes<br><a href=\"https:\/\/enciclopediacatolica.com.br\/?p=191\" title=\"D\u00edzimo\">D\u00edzimo<\/a> \u2013 A d\u00e9cima parte do acr\u00e9scimo surgido dos lucros da terra e do estoque, alocado para o clero para o seu sustento ou devotado para fins religiosos ou de caridade<br><a href=\"https:\/\/enciclopediacatolica.com.br\/?p=193\" title=\"Dogma\">Dogma<\/a> \u2013 significa, nos escritos dos autores cl\u00e1ssicos da antiguidade, \u00e0s vezes, uma opini\u00e3o ou aquilo que parece verdade para uma pessoa; algumas vezes, as doutrinas filos\u00f3ficas ou princ\u00edpios, e especialmente as doutrinas filos\u00f3ficas distintivas, de uma escola particular de fil\u00f3sofos (cf. Cic. Ac., ii, 9), outras vezes, um decreto p\u00fablico ou regulamento, como dogma poieisthai<br><a href=\"https:\/\/enciclopediacatolica.com.br\/?p=624\" title=\"Doutores da Igreja\">Doutores da Igreja<\/a> \u2013 Certos escritores eclesi\u00e1sticos receberam esse t\u00edtulo por causa de do grande avan\u00e7o que toda a Igreja angariou de sua doutrina<br><a href=\"https:\/\/enciclopediacatolica.com.br\/?p=195\" title=\"Doxologia\">Doxologia<\/a> \u2013 A doxologia na forma que n\u00f3s conhecemos tem sido usada desde por volta do s\u00e9culo VII por toda a Cristandade Ocidental, exceto em um canto<\/p>\n","protected":false},"excerpt":{"rendered":"<p>Dablon, Claude \u2013 Mission\u00e1rio jesu\u00edta, nascido em Dieppe, Fran\u00e7a em Fevereiro de 1618; morto em Quebec em 3 de Maio de 1697D\u00e9cio \u2013 Imperador Romano 249-251Dec\u00e1logo \u2013 Termo empregado para designar a cole\u00e7\u00e3o de preceitos escritos em duas t\u00e1buas de pedra e dados por Deus a Mois\u00e9s no Monte SinaiDecreto \u2013 Num sentido geral, uma &hellip; <\/p>\n<p class=\"link-more\"><a href=\"https:\/\/enciclopediacatolica.com.br\/?page_id=55\" class=\"more-link\">Read the full post &rarr;<span class=\"screen-reader-text\">&#8220;D&#8221;<\/span><\/a><\/p>\n","protected":false},"author":1,"featured_media":0,"parent":0,"menu_order":0,"comment_status":"closed","ping_status":"closed","template":"","meta":{"om_disable_all_campaigns":false,"_monsterinsights_skip_tracking":false,"_monsterinsights_sitenote_active":false,"_monsterinsights_sitenote_note":"","_monsterinsights_sitenote_category":0,"footnotes":""},"class_list":["post-55","page","type-page","status-publish","hentry"],"jetpack_sharing_enabled":true,"_links":{"self":[{"href":"https:\/\/enciclopediacatolica.com.br\/index.php?rest_route=\/wp\/v2\/pages\/55","targetHints":{"allow":["GET"]}}],"collection":[{"href":"https:\/\/enciclopediacatolica.com.br\/index.php?rest_route=\/wp\/v2\/pages"}],"about":[{"href":"https:\/\/enciclopediacatolica.com.br\/index.php?rest_route=\/wp\/v2\/types\/page"}],"author":[{"embeddable":true,"href":"https:\/\/enciclopediacatolica.com.br\/index.php?rest_route=\/wp\/v2\/users\/1"}],"replies":[{"embeddable":true,"href":"https:\/\/enciclopediacatolica.com.br\/index.php?rest_route=%2Fwp%2Fv2%2Fcomments&post=55"}],"version-history":[{"count":3,"href":"https:\/\/enciclopediacatolica.com.br\/index.php?rest_route=\/wp\/v2\/pages\/55\/revisions"}],"predecessor-version":[{"id":626,"href":"https:\/\/enciclopediacatolica.com.br\/index.php?rest_route=\/wp\/v2\/pages\/55\/revisions\/626"}],"wp:attachment":[{"href":"https:\/\/enciclopediacatolica.com.br\/index.php?rest_route=%2Fwp%2Fv2%2Fmedia&parent=55"}],"curies":[{"name":"wp","href":"https:\/\/api.w.org\/{rel}","templated":true}]}}