{"id":57,"date":"2021-05-24T00:22:23","date_gmt":"2021-05-24T03:22:23","guid":{"rendered":"https:\/\/enciclopediacatolica.com.br\/?page_id=57"},"modified":"2021-12-22T20:02:33","modified_gmt":"2021-12-22T23:02:33","slug":"e","status":"publish","type":"page","link":"https:\/\/enciclopediacatolica.com.br\/?page_id=57","title":{"rendered":"E"},"content":{"rendered":"\n<p><a href=\"https:\/\/enciclopediacatolica.com.br\/?p=197\" title=\"Eadmer\">Eadmer<\/a> \u2013 Precentor da Cantu\u00e1ria e historiador<br><a href=\"https:\/\/enciclopediacatolica.com.br\/?p=199\" rel=\"nofollow\" title=\"Eanbald I\">Eanbald I<\/a> \u2013 O primeiro arcebispo de York com esse nome<br><a href=\"https:\/\/enciclopediacatolica.com.br\/?p=201\" title=\"Eanbald II\">Eanbald II<\/a> \u2013 Data de nascimento desconhecida; morto em 810 ou 812<br><a href=\"https:\/\/enciclopediacatolica.com.br\/?p=203\" title=\"Eleito\">Eleito<\/a> \u2013 Denota em geral algu\u00e9m escolhido ou tomado por prefer\u00eancia dentre dois ou mais; como um termo teol\u00f3gico \u00e9 equivalente a &#8220;escolhido como o objeto da miseric\u00f3rdia ou favor Divino, como separado para a vida eterna&#8221;<br><a href=\"https:\/\/enciclopediacatolica.com.br\/?p=205\" title=\"Elias\">Elias<\/a> \u2013 Profeta do Antigo Testamento<br><a href=\"https:\/\/enciclopediacatolica.com.br\/?p=207\" title=\"Elohim\">Elohim<\/a> \u2013 O nome comum para Deus<br><a href=\"https:\/\/enciclopediacatolica.com.br\/?p=579\" title=\"Enc\u00edclica\">Enc\u00edclica<\/a> \u2013 De acordo com a sua etimologia, uma enc\u00edclica \u00e9 nada mais que uma carta circular. Atualmente, o emprego do termo est\u00e1 restrito quase que exclusivamente a certos documentos papais que diferem em sua forma t\u00e9cnica do estilo ordin\u00e1rio das bulas ou breves, e aos que em seu cabe\u00e7alho s\u00e3o explicitamente endere\u00e7adas aos patriarcas, primazes, arcebispos, e bispos da Igreja Universal em comunh\u00e3o com a S\u00e9 Apost\u00f3lica<br><a href=\"https:\/\/enciclopediacatolica.com.br\/?p=209\" title=\"Henoc\">Enoch<\/a> \u2013 O nome do filho de Caim, de um sobrinho de Abra\u00e3o, do primog\u00eanito de Rubem, e do filho de Jared e pai de Matusal\u00e9m<br><a href=\"https:\/\/enciclopediacatolica.com.br\/?p=211\" title=\"Eucaristia\">Eucaristia, Introdu\u00e7\u00e3o \u00e0<\/a> \u2013 O nome dado ao Sant\u00edssimo Sacramento do Altar em seu duplo aspecto de sacramento e Sacrif\u00edcio da Missa, e no qual Jesus Cristo est\u00e1 verdadeiramente presente sob as apar\u00eancias de p\u00e3o e vinho<br><a href=\"https:\/\/enciclopediacatolica.com.br\/?p=213\" title=\"Eva\">Eva<\/a> \u2013 Primeira mulher; a esposa de Ad\u00e3o<br><a href=\"https:\/\/enciclopediacatolica.com.br\/?p=215\" title=\"Ezequiel\">Ezequiel<\/a> \u2013 Filho de Buzi, e foi um dos sacerdotes que, no ano 598 a.C., foi deportado juntamente com Joaquim como prisioneiros de Jerusal\u00e9m<\/p>\n","protected":false},"excerpt":{"rendered":"<p>Eadmer \u2013 Precentor da Cantu\u00e1ria e historiadorEanbald I \u2013 O primeiro arcebispo de York com esse nomeEanbald II \u2013 Data de nascimento desconhecida; morto em 810 ou 812Eleito \u2013 Denota em geral algu\u00e9m escolhido ou tomado por prefer\u00eancia dentre dois ou mais; como um termo teol\u00f3gico \u00e9 equivalente a &#8220;escolhido como o objeto da miseric\u00f3rdia &hellip; <\/p>\n<p class=\"link-more\"><a href=\"https:\/\/enciclopediacatolica.com.br\/?page_id=57\" class=\"more-link\">Read the full post &rarr;<span class=\"screen-reader-text\">&#8220;E&#8221;<\/span><\/a><\/p>\n","protected":false},"author":1,"featured_media":0,"parent":0,"menu_order":0,"comment_status":"closed","ping_status":"closed","template":"","meta":{"om_disable_all_campaigns":false,"_monsterinsights_skip_tracking":false,"_monsterinsights_sitenote_active":false,"_monsterinsights_sitenote_note":"","_monsterinsights_sitenote_category":0,"footnotes":""},"class_list":["post-57","page","type-page","status-publish","hentry"],"jetpack_sharing_enabled":true,"_links":{"self":[{"href":"https:\/\/enciclopediacatolica.com.br\/index.php?rest_route=\/wp\/v2\/pages\/57","targetHints":{"allow":["GET"]}}],"collection":[{"href":"https:\/\/enciclopediacatolica.com.br\/index.php?rest_route=\/wp\/v2\/pages"}],"about":[{"href":"https:\/\/enciclopediacatolica.com.br\/index.php?rest_route=\/wp\/v2\/types\/page"}],"author":[{"embeddable":true,"href":"https:\/\/enciclopediacatolica.com.br\/index.php?rest_route=\/wp\/v2\/users\/1"}],"replies":[{"embeddable":true,"href":"https:\/\/enciclopediacatolica.com.br\/index.php?rest_route=%2Fwp%2Fv2%2Fcomments&post=57"}],"version-history":[{"count":3,"href":"https:\/\/enciclopediacatolica.com.br\/index.php?rest_route=\/wp\/v2\/pages\/57\/revisions"}],"predecessor-version":[{"id":582,"href":"https:\/\/enciclopediacatolica.com.br\/index.php?rest_route=\/wp\/v2\/pages\/57\/revisions\/582"}],"wp:attachment":[{"href":"https:\/\/enciclopediacatolica.com.br\/index.php?rest_route=%2Fwp%2Fv2%2Fmedia&parent=57"}],"curies":[{"name":"wp","href":"https:\/\/api.w.org\/{rel}","templated":true}]}}