{"id":59,"date":"2021-05-24T00:22:34","date_gmt":"2021-05-24T03:22:34","guid":{"rendered":"https:\/\/enciclopediacatolica.com.br\/?page_id=59"},"modified":"2022-12-05T14:35:45","modified_gmt":"2022-12-05T17:35:45","slug":"f","status":"publish","type":"page","link":"https:\/\/enciclopediacatolica.com.br\/?page_id=59","title":{"rendered":"F"},"content":{"rendered":"\n<p><a href=\"https:\/\/enciclopediacatolica.com.br\/?p=217\" title=\"Francesco Faa di Bruno\">Faa di Bruno, Francesco<\/a> \u2013 Padre e matem\u00e1tico italiano (1825-1888)<br><a href=\"https:\/\/enciclopediacatolica.com.br\/?p=219\" title=\"Felix Faber\">Faber, Felix<\/a> \u2013 Escritor alem\u00e3o, nascido por volta de 1441 em Zurique, de uma famosa fam\u00edlia conhecida comumente como Schmid; morto em 1502 em Ulm, Alemanha<br><a href=\"https:\/\/enciclopediacatolica.com.br\/?p=223\" title=\"Fariseus\">Fariseus<\/a> \u2013 Uma seita pol\u00edtico religiosa ou fac\u00e7\u00e3o dentre os aderentes do juda\u00edsmo tardio, que passou a existir como uma classe por volta do terceiro s\u00e9culo a.C.<br><a href=\"https:\/\/enciclopediacatolica.com.br\/?p=221\" title=\"Felic\u00edssimo\">Felic\u00edssimo<\/a> \u2013 Cism\u00e1tico do s\u00e9culo III<br><a href=\"https:\/\/enciclopediacatolica.com.br\/?p=755\" title=\"Fil\u00eamon\">Fil\u00eamon<\/a> \u2013 Um cidad\u00e3o de Colossas, a quem S. Paulo endere\u00e7ou uma carta privada, a \u00fanica no Novo Testamento, que recebeu o seu nome<br><a href=\"https:\/\/enciclopediacatolica.com.br\/?p=225\" title=\"S\u00e3o Filipe Ap\u00f3stolo\">Filipe Ap\u00f3stolo, S\u00e3o<\/a> \u2013 Breve artigo sobre esta figura do Novo Testamento nas Escrituras e na tradi\u00e7\u00e3o crist\u00e3<br><a href=\"https:\/\/enciclopediacatolica.com.br\/?p=502\" title=\"Ordem Franciscana\">Franciscana, Ordem<\/a> \u2013 Um artigo sobre a hist\u00f3ria da ordem Franciscana e seu papel dentro da Igreja Cat\u00f3lica<br><a href=\"https:\/\/enciclopediacatolica.com.br\/?p=556\" title=\"S\u00e3o Francisco Xavier\">Francisco Xavier, S\u00e3o<\/a> \u2013 Artigo biogr\u00e1fico sobre um dos primeiros jesu\u00edtas e mission\u00e1rio na \u00c1sia, que morreu em 1552<\/p>\n","protected":false},"excerpt":{"rendered":"<p>Faa di Bruno, Francesco \u2013 Padre e matem\u00e1tico italiano (1825-1888)Faber, Felix \u2013 Escritor alem\u00e3o, nascido por volta de 1441 em Zurique, de uma famosa fam\u00edlia conhecida comumente como Schmid; morto em 1502 em Ulm, AlemanhaFariseus \u2013 Uma seita pol\u00edtico religiosa ou fac\u00e7\u00e3o dentre os aderentes do juda\u00edsmo tardio, que passou a existir como uma classe &hellip; <\/p>\n<p class=\"link-more\"><a href=\"https:\/\/enciclopediacatolica.com.br\/?page_id=59\" class=\"more-link\">Read the full post &rarr;<span class=\"screen-reader-text\">&#8220;F&#8221;<\/span><\/a><\/p>\n","protected":false},"author":1,"featured_media":0,"parent":0,"menu_order":0,"comment_status":"closed","ping_status":"closed","template":"","meta":{"om_disable_all_campaigns":false,"_monsterinsights_skip_tracking":false,"_monsterinsights_sitenote_active":false,"_monsterinsights_sitenote_note":"","_monsterinsights_sitenote_category":0,"footnotes":""},"class_list":["post-59","page","type-page","status-publish","hentry"],"jetpack_sharing_enabled":true,"_links":{"self":[{"href":"https:\/\/enciclopediacatolica.com.br\/index.php?rest_route=\/wp\/v2\/pages\/59","targetHints":{"allow":["GET"]}}],"collection":[{"href":"https:\/\/enciclopediacatolica.com.br\/index.php?rest_route=\/wp\/v2\/pages"}],"about":[{"href":"https:\/\/enciclopediacatolica.com.br\/index.php?rest_route=\/wp\/v2\/types\/page"}],"author":[{"embeddable":true,"href":"https:\/\/enciclopediacatolica.com.br\/index.php?rest_route=\/wp\/v2\/users\/1"}],"replies":[{"embeddable":true,"href":"https:\/\/enciclopediacatolica.com.br\/index.php?rest_route=%2Fwp%2Fv2%2Fcomments&post=59"}],"version-history":[{"count":5,"href":"https:\/\/enciclopediacatolica.com.br\/index.php?rest_route=\/wp\/v2\/pages\/59\/revisions"}],"predecessor-version":[{"id":758,"href":"https:\/\/enciclopediacatolica.com.br\/index.php?rest_route=\/wp\/v2\/pages\/59\/revisions\/758"}],"wp:attachment":[{"href":"https:\/\/enciclopediacatolica.com.br\/index.php?rest_route=%2Fwp%2Fv2%2Fmedia&parent=59"}],"curies":[{"name":"wp","href":"https:\/\/api.w.org\/{rel}","templated":true}]}}