{"id":63,"date":"2021-05-24T00:22:54","date_gmt":"2021-05-24T03:22:54","guid":{"rendered":"https:\/\/enciclopediacatolica.com.br\/?page_id=63"},"modified":"2021-05-24T22:35:32","modified_gmt":"2021-05-25T01:35:32","slug":"h","status":"publish","type":"page","link":"https:\/\/enciclopediacatolica.com.br\/?page_id=63","title":{"rendered":"H"},"content":{"rendered":"\n<p><a href=\"https:\/\/enciclopediacatolica.com.br\/?p=239\" title=\"Haarlem\">Haarlem<\/a> \u2013 Uma das s\u00e9s sufrag\u00e2neas da Arquidiocese de Utrecht na Holanda<br><a href=\"https:\/\/enciclopediacatolica.com.br\/?p=241\" title=\"Francis Xavier Haberl\">Haberl, Francis Xavier<\/a> \u2013 Historiador de m\u00fasica (1840-1910)<br><a href=\"https:\/\/enciclopediacatolica.com.br\/?p=243\" title=\"Santo Olavo Haraldson\">Haraldson, Santo Olavo<\/a> \u2013 M\u00e1rtir e Rei da Noruega, m. 1030<br><a href=\"https:\/\/enciclopediacatolica.com.br\/?p=209\" title=\"Henoc\">Henoc<\/a> \u2013 O nome do filho de Caim, de um sobrinho de Abra\u00e3o, do primog\u00eanito de Rubem, e do filho de Jared e pai de Matusal\u00e9m<br><a href=\"https:\/\/enciclopediacatolica.com.br\/?p=245\" title=\"Hosana\">Hosana<\/a> \u2013 A opini\u00e3o geral \u00e9 aquela de S. Jer\u00f4nimo, de que a palavra se originou de duas palavras hebraicas do Salmo cxvii (cxviii), 25. Este salmo, &#8220;Confitemini Domino quoniam bonus&#8221;, era recitado por um dos sacerdotes todos os dias durante a prociss\u00e3o ao redor do altar, durante a Festa dos Tabern\u00e1culos, quando as pessoas eram ordenadas a &#8220;se alegrarem diante do Senhor&#8221; (Lev\u00edtico 23:40); e no s\u00e9timo dia era recitada a cada vez durante as sete prociss\u00f5es<\/p>\n","protected":false},"excerpt":{"rendered":"<p>Haarlem \u2013 Uma das s\u00e9s sufrag\u00e2neas da Arquidiocese de Utrecht na HolandaHaberl, Francis Xavier \u2013 Historiador de m\u00fasica (1840-1910)Haraldson, Santo Olavo \u2013 M\u00e1rtir e Rei da Noruega, m. 1030Henoc \u2013 O nome do filho de Caim, de um sobrinho de Abra\u00e3o, do primog\u00eanito de Rubem, e do filho de Jared e pai de Matusal\u00e9mHosana \u2013 &hellip; <\/p>\n<p class=\"link-more\"><a href=\"https:\/\/enciclopediacatolica.com.br\/?page_id=63\" class=\"more-link\">Read the full post &rarr;<span class=\"screen-reader-text\">&#8220;H&#8221;<\/span><\/a><\/p>\n","protected":false},"author":1,"featured_media":0,"parent":0,"menu_order":0,"comment_status":"closed","ping_status":"closed","template":"","meta":{"om_disable_all_campaigns":false,"_monsterinsights_skip_tracking":false,"_monsterinsights_sitenote_active":false,"_monsterinsights_sitenote_note":"","_monsterinsights_sitenote_category":0,"footnotes":""},"class_list":["post-63","page","type-page","status-publish","hentry"],"jetpack_sharing_enabled":true,"_links":{"self":[{"href":"https:\/\/enciclopediacatolica.com.br\/index.php?rest_route=\/wp\/v2\/pages\/63","targetHints":{"allow":["GET"]}}],"collection":[{"href":"https:\/\/enciclopediacatolica.com.br\/index.php?rest_route=\/wp\/v2\/pages"}],"about":[{"href":"https:\/\/enciclopediacatolica.com.br\/index.php?rest_route=\/wp\/v2\/types\/page"}],"author":[{"embeddable":true,"href":"https:\/\/enciclopediacatolica.com.br\/index.php?rest_route=\/wp\/v2\/users\/1"}],"replies":[{"embeddable":true,"href":"https:\/\/enciclopediacatolica.com.br\/index.php?rest_route=%2Fwp%2Fv2%2Fcomments&post=63"}],"version-history":[{"count":2,"href":"https:\/\/enciclopediacatolica.com.br\/index.php?rest_route=\/wp\/v2\/pages\/63\/revisions"}],"predecessor-version":[{"id":455,"href":"https:\/\/enciclopediacatolica.com.br\/index.php?rest_route=\/wp\/v2\/pages\/63\/revisions\/455"}],"wp:attachment":[{"href":"https:\/\/enciclopediacatolica.com.br\/index.php?rest_route=%2Fwp%2Fv2%2Fmedia&parent=63"}],"curies":[{"name":"wp","href":"https:\/\/api.w.org\/{rel}","templated":true}]}}