{"id":65,"date":"2021-05-24T00:23:08","date_gmt":"2021-05-24T03:23:08","guid":{"rendered":"https:\/\/enciclopediacatolica.com.br\/?page_id=65"},"modified":"2021-05-24T22:37:45","modified_gmt":"2021-05-25T01:37:45","slug":"i","status":"publish","type":"page","link":"https:\/\/enciclopediacatolica.com.br\/?page_id=65","title":{"rendered":"I"},"content":{"rendered":"\n<p><a href=\"https:\/\/enciclopediacatolica.com.br\/?p=247\" title=\"S. Ibar\">Ibar, Santo<\/a> \u2013 Irland\u00eas, contempor\u00e2neo de S. Patr\u00edcio e foi um mission\u00e1rio no Condado de Wexford antes de Patr\u00edcio pisar na Irlanda. Tio de S. Ab\u00e3o<br><a href=\"https:\/\/enciclopediacatolica.com.br\/?p=249\" title=\"Ibarra\">Ibarra<\/a> \u2013 Diocese no sul do Equador, sufrag\u00e2nea de Quito, criada por Pio IX<br><a href=\"https:\/\/enciclopediacatolica.com.br\/?p=251\" title=\"Ibagu\u00e9\">Ibagu\u00e9<\/a> \u2013 Sufrag\u00e2nea de Bogot\u00e1, na Rep\u00fablica da Col\u00f4mbia, Am\u00e9rica do Sul<br><a href=\"https:\/\/enciclopediacatolica.com.br\/?p=257\" title=\"Idade M\u00e9dia\">Idade M\u00e9dia<\/a> \u2013 Um termo comumente usado para designar aquele per\u00edodo da hist\u00f3ria europ\u00e9ia entre a queda do Imp\u00e9rio Romano e meados do s\u00e9culo XV<br><a href=\"https:\/\/enciclopediacatolica.com.br\/?p=255\" title=\"IHS\">IHS<\/a> \u2013 Um monograma do nome de Jesus Cristo<br><a href=\"https:\/\/enciclopediacatolica.com.br\/?p=253\" title=\"Indulg\u00eancias\">Indulg\u00eancias<\/a> \u2013 Uma remiss\u00e3o da pena temporal devida pelo pecado, de cuja culpa se foi perdoado<\/p>\n","protected":false},"excerpt":{"rendered":"<p>Ibar, Santo \u2013 Irland\u00eas, contempor\u00e2neo de S. Patr\u00edcio e foi um mission\u00e1rio no Condado de Wexford antes de Patr\u00edcio pisar na Irlanda. Tio de S. Ab\u00e3oIbarra \u2013 Diocese no sul do Equador, sufrag\u00e2nea de Quito, criada por Pio IXIbagu\u00e9 \u2013 Sufrag\u00e2nea de Bogot\u00e1, na Rep\u00fablica da Col\u00f4mbia, Am\u00e9rica do SulIdade M\u00e9dia \u2013 Um termo comumente &hellip; <\/p>\n<p class=\"link-more\"><a href=\"https:\/\/enciclopediacatolica.com.br\/?page_id=65\" class=\"more-link\">Read the full post &rarr;<span class=\"screen-reader-text\">&#8220;I&#8221;<\/span><\/a><\/p>\n","protected":false},"author":1,"featured_media":0,"parent":0,"menu_order":0,"comment_status":"closed","ping_status":"closed","template":"","meta":{"om_disable_all_campaigns":false,"_monsterinsights_skip_tracking":false,"_monsterinsights_sitenote_active":false,"_monsterinsights_sitenote_note":"","_monsterinsights_sitenote_category":0,"footnotes":""},"class_list":["post-65","page","type-page","status-publish","hentry"],"jetpack_sharing_enabled":true,"_links":{"self":[{"href":"https:\/\/enciclopediacatolica.com.br\/index.php?rest_route=\/wp\/v2\/pages\/65","targetHints":{"allow":["GET"]}}],"collection":[{"href":"https:\/\/enciclopediacatolica.com.br\/index.php?rest_route=\/wp\/v2\/pages"}],"about":[{"href":"https:\/\/enciclopediacatolica.com.br\/index.php?rest_route=\/wp\/v2\/types\/page"}],"author":[{"embeddable":true,"href":"https:\/\/enciclopediacatolica.com.br\/index.php?rest_route=\/wp\/v2\/users\/1"}],"replies":[{"embeddable":true,"href":"https:\/\/enciclopediacatolica.com.br\/index.php?rest_route=%2Fwp%2Fv2%2Fcomments&post=65"}],"version-history":[{"count":2,"href":"https:\/\/enciclopediacatolica.com.br\/index.php?rest_route=\/wp\/v2\/pages\/65\/revisions"}],"predecessor-version":[{"id":457,"href":"https:\/\/enciclopediacatolica.com.br\/index.php?rest_route=\/wp\/v2\/pages\/65\/revisions\/457"}],"wp:attachment":[{"href":"https:\/\/enciclopediacatolica.com.br\/index.php?rest_route=%2Fwp%2Fv2%2Fmedia&parent=65"}],"curies":[{"name":"wp","href":"https:\/\/api.w.org\/{rel}","templated":true}]}}