{"id":69,"date":"2021-05-24T00:23:27","date_gmt":"2021-05-24T03:23:27","guid":{"rendered":"https:\/\/enciclopediacatolica.com.br\/?page_id=69"},"modified":"2021-05-24T22:42:58","modified_gmt":"2021-05-25T01:42:58","slug":"k","status":"publish","type":"page","link":"https:\/\/enciclopediacatolica.com.br\/?page_id=69","title":{"rendered":"K"},"content":{"rendered":"\n<p><a href=\"https:\/\/enciclopediacatolica.com.br\/?p=283\" title=\"Beato Vincent Kadlubek\">Kadlubek, Beato Vincent<\/a> \u2013 Bispo de Crac\u00f3via, deixou seu of\u00edcio e se tornou o primeiro polon\u00eas a entrar para os Cistercienses. Ele morreu em 1223<br><a href=\"https:\/\/enciclopediacatolica.com.br\/?p=285\" title=\"Kafir\">Kafir<\/a> \u2013 Um termo popular a todos os nativos da \u00c1frica do Sul. Foi originalmente imposto pelos mercadores \u00e1rabes da costa Leste, e significa &#8220;infiel&#8221;<br><a href=\"https:\/\/enciclopediacatolica.com.br\/?p=287\" title=\"Prefeitura Apost\u00f3lica do Kafirist\u00e3o e Kashmir\">Kafirist\u00e3o e Kashimir, Prefeitura Apost\u00f3lica do<\/a> \u2013 Criada (1887) por Le\u00e3o XIII no extremo norte da \u00cdndia<br><a href=\"https:\/\/enciclopediacatolica.com.br\/?p=289\" title=\"Johann Matthias Kager\">Kager, Johann Matthias<\/a> \u2013 Pintor hist\u00f3rico alem\u00e3o nascido em Munique em 1566; morto em Augsburgo, 1634<br><a href=\"https:\/\/enciclopediacatolica.com.br\/?p=291\" title=\"Kajetan Georg von Kaiser\">Kaiser, Kajetan Georg von<\/a> \u2013 Qu\u00edmico, nascido em Kelheim no Dan\u00fabio (Baviera), em 5 de Janeiro de 1803; morto em Munique, em 28 de Agosto de 1871<\/p>\n","protected":false},"excerpt":{"rendered":"<p>Kadlubek, Beato Vincent \u2013 Bispo de Crac\u00f3via, deixou seu of\u00edcio e se tornou o primeiro polon\u00eas a entrar para os Cistercienses. Ele morreu em 1223Kafir \u2013 Um termo popular a todos os nativos da \u00c1frica do Sul. Foi originalmente imposto pelos mercadores \u00e1rabes da costa Leste, e significa &#8220;infiel&#8221;Kafirist\u00e3o e Kashimir, Prefeitura Apost\u00f3lica do \u2013 &hellip; <\/p>\n<p class=\"link-more\"><a href=\"https:\/\/enciclopediacatolica.com.br\/?page_id=69\" class=\"more-link\">Read the full post &rarr;<span class=\"screen-reader-text\">&#8220;K&#8221;<\/span><\/a><\/p>\n","protected":false},"author":1,"featured_media":0,"parent":0,"menu_order":0,"comment_status":"closed","ping_status":"closed","template":"","meta":{"om_disable_all_campaigns":false,"_monsterinsights_skip_tracking":false,"_monsterinsights_sitenote_active":false,"_monsterinsights_sitenote_note":"","_monsterinsights_sitenote_category":0,"footnotes":""},"class_list":["post-69","page","type-page","status-publish","hentry"],"jetpack_sharing_enabled":true,"_links":{"self":[{"href":"https:\/\/enciclopediacatolica.com.br\/index.php?rest_route=\/wp\/v2\/pages\/69","targetHints":{"allow":["GET"]}}],"collection":[{"href":"https:\/\/enciclopediacatolica.com.br\/index.php?rest_route=\/wp\/v2\/pages"}],"about":[{"href":"https:\/\/enciclopediacatolica.com.br\/index.php?rest_route=\/wp\/v2\/types\/page"}],"author":[{"embeddable":true,"href":"https:\/\/enciclopediacatolica.com.br\/index.php?rest_route=\/wp\/v2\/users\/1"}],"replies":[{"embeddable":true,"href":"https:\/\/enciclopediacatolica.com.br\/index.php?rest_route=%2Fwp%2Fv2%2Fcomments&post=69"}],"version-history":[{"count":2,"href":"https:\/\/enciclopediacatolica.com.br\/index.php?rest_route=\/wp\/v2\/pages\/69\/revisions"}],"predecessor-version":[{"id":461,"href":"https:\/\/enciclopediacatolica.com.br\/index.php?rest_route=\/wp\/v2\/pages\/69\/revisions\/461"}],"wp:attachment":[{"href":"https:\/\/enciclopediacatolica.com.br\/index.php?rest_route=%2Fwp%2Fv2%2Fmedia&parent=69"}],"curies":[{"name":"wp","href":"https:\/\/api.w.org\/{rel}","templated":true}]}}