{"id":71,"date":"2021-05-24T00:23:41","date_gmt":"2021-05-24T03:23:41","guid":{"rendered":"https:\/\/enciclopediacatolica.com.br\/?page_id=71"},"modified":"2021-05-24T22:44:52","modified_gmt":"2021-05-25T01:44:52","slug":"l","status":"publish","type":"page","link":"https:\/\/enciclopediacatolica.com.br\/?page_id=71","title":{"rendered":"L"},"content":{"rendered":"\n<p><a href=\"https:\/\/enciclopediacatolica.com.br\/?p=293\" title=\"Fran\u00e7ois d\u2019Aix de la Chaise\">La Chaise, Fran\u00e7ois d&#8217;Aix de<\/a> \u2013 Confessor do Rei Luis XIV, nascido na mans\u00e3o de Aix, emForez, Distrito de Loire, em 25 de Agosto de 1624; morto em Paris, em 20 de Janeiro de 1709<br><a href=\"https:\/\/enciclopediacatolica.com.br\/?p=295\" title=\"Armand de La Richardie\">La Richardie, Armand de<\/a> \u2013 Nascido em P\u00e9rigueux, 7 de Junho de 1686; morto em Quebec, 17 de Mar\u00e7o de 1758. Ele entrou para a Companhia de Jesus em Bordeaux, 4 de Out. de 1703, e em 1725 foi enviado para a miss\u00e3o no Canad\u00e1<br><a href=\"https:\/\/enciclopediacatolica.com.br\/?p=297\" title=\"Joseph de La Roche Daillon\">La Roche Daillon, Joseph de<\/a> \u2013 Recoleto, um dos mission\u00e1rios mais zelosos da tribo Huron, m. na Fran\u00e7a, 1656<br><a href=\"https:\/\/enciclopediacatolica.com.br\/?p=299\" title=\"Henri-Auguste-Georges du Vergier, Conde de la Rochejacquelein\">La Rochejacquelein, Henri-Auguste-Georges du Vergier, Conde de<\/a> \u2013 Pol\u00edtico franc\u00eas, n. no ch\u00e2teau of Citran (Fironde), em 28 de Setembro de 1805; m. em 7 de Janeiro de 1867<br><a href=\"https:\/\/enciclopediacatolica.com.br\/?p=301\" title=\"L\u00facifer\">L\u00facifer<\/a> \u2013 O nome L\u00facifer originalmente denotava o planeta V\u00eanus, enfatizando o seu brilho<\/p>\n","protected":false},"excerpt":{"rendered":"<p>La Chaise, Fran\u00e7ois d&#8217;Aix de \u2013 Confessor do Rei Luis XIV, nascido na mans\u00e3o de Aix, emForez, Distrito de Loire, em 25 de Agosto de 1624; morto em Paris, em 20 de Janeiro de 1709La Richardie, Armand de \u2013 Nascido em P\u00e9rigueux, 7 de Junho de 1686; morto em Quebec, 17 de Mar\u00e7o de 1758. &hellip; <\/p>\n<p class=\"link-more\"><a href=\"https:\/\/enciclopediacatolica.com.br\/?page_id=71\" class=\"more-link\">Read the full post &rarr;<span class=\"screen-reader-text\">&#8220;L&#8221;<\/span><\/a><\/p>\n","protected":false},"author":1,"featured_media":0,"parent":0,"menu_order":0,"comment_status":"closed","ping_status":"closed","template":"","meta":{"om_disable_all_campaigns":false,"_monsterinsights_skip_tracking":false,"_monsterinsights_sitenote_active":false,"_monsterinsights_sitenote_note":"","_monsterinsights_sitenote_category":0,"footnotes":""},"class_list":["post-71","page","type-page","status-publish","hentry"],"jetpack_sharing_enabled":true,"_links":{"self":[{"href":"https:\/\/enciclopediacatolica.com.br\/index.php?rest_route=\/wp\/v2\/pages\/71","targetHints":{"allow":["GET"]}}],"collection":[{"href":"https:\/\/enciclopediacatolica.com.br\/index.php?rest_route=\/wp\/v2\/pages"}],"about":[{"href":"https:\/\/enciclopediacatolica.com.br\/index.php?rest_route=\/wp\/v2\/types\/page"}],"author":[{"embeddable":true,"href":"https:\/\/enciclopediacatolica.com.br\/index.php?rest_route=\/wp\/v2\/users\/1"}],"replies":[{"embeddable":true,"href":"https:\/\/enciclopediacatolica.com.br\/index.php?rest_route=%2Fwp%2Fv2%2Fcomments&post=71"}],"version-history":[{"count":2,"href":"https:\/\/enciclopediacatolica.com.br\/index.php?rest_route=\/wp\/v2\/pages\/71\/revisions"}],"predecessor-version":[{"id":463,"href":"https:\/\/enciclopediacatolica.com.br\/index.php?rest_route=\/wp\/v2\/pages\/71\/revisions\/463"}],"wp:attachment":[{"href":"https:\/\/enciclopediacatolica.com.br\/index.php?rest_route=%2Fwp%2Fv2%2Fmedia&parent=71"}],"curies":[{"name":"wp","href":"https:\/\/api.w.org\/{rel}","templated":true}]}}