{"id":73,"date":"2021-05-24T00:23:50","date_gmt":"2021-05-24T03:23:50","guid":{"rendered":"https:\/\/enciclopediacatolica.com.br\/?page_id=73"},"modified":"2021-05-24T22:47:22","modified_gmt":"2021-05-25T01:47:22","slug":"m","status":"publish","type":"page","link":"https:\/\/enciclopediacatolica.com.br\/?page_id=73","title":{"rendered":"M"},"content":{"rendered":"\n<p><a href=\"https:\/\/enciclopediacatolica.com.br\/?p=305\" title=\"Friedrich Bernard Christian Maassen\">Maassen, Friedrich Bernard Christian<\/a> \u2013 Professor de direito (1823-1900)<br><a href=\"https:\/\/enciclopediacatolica.com.br\/?p=189\" title=\"Os Dez Mandamentos\">Mandamentos de Deus (Os Dez Mandamentos)<\/a> \u2013 As obriga\u00e7\u00f5es fundamentais da religi\u00e3o e moralidade e incorporam a express\u00e3o revelada da vontade do Criador em rela\u00e7\u00e3o a todo o dever do homem para com Deus e com seus semelhantes<br><a href=\"https:\/\/enciclopediacatolica.com.br\/?p=307\" title=\"S\u00e3o Marcos\">Marcos, S\u00e3o<\/a> \u2013 O que pode ser reunido da vida de S. Marcos das Escrituras. Tamb\u00e9m informa sobre a tradi\u00e7\u00e3o que rodeia o santo<br><a href=\"https:\/\/enciclopediacatolica.com.br\/?p=309\" title=\"Joseph-Alexander Martigny\">Martigny, Joseph-Alexander<\/a> \u2013 C\u00f4nego de Belley, arque\u00f3logo; n. em Sauverny, Ain, em 1808; m. em Belley em 19 de Agosto de 1880<br><a href=\"https:\/\/enciclopediacatolica.com.br\/?p=311\" title=\"S\u00e3o Mateus\">Mateus, S\u00e3o<\/a> \u2013 O ap\u00f3stolo e evangelista, na Escritura e na tradi\u00e7\u00e3o<br><a href=\"https:\/\/enciclopediacatolica.com.br\/?p=313\" title=\"S\u00e3o Matias\">Matias, S\u00e3o<\/a> \u2013 O ap\u00f3stolo, nas Escrituras e nas lendas<br><a href=\"https:\/\/enciclopediacatolica.com.br\/?p=315\" title=\"S\u00e3o Miguel Arcanjo\">Miguel Arcanjo, S\u00e3o<\/a> \u2013 Artigo sobre este anjo nas Escrituras e na tradi\u00e7\u00e3o<br><a href=\"https:\/\/enciclopediacatolica.com.br\/?p=317\" title=\"Motu Proprio\">Motu Proprio<\/a> \u2013 Nome dado a certos editos papais em raz\u00e3o da cl\u00e1usula motu proprio (de sua pr\u00f3pria vontade) usado no documento<\/p>\n","protected":false},"excerpt":{"rendered":"<p>Maassen, Friedrich Bernard Christian \u2013 Professor de direito (1823-1900)Mandamentos de Deus (Os Dez Mandamentos) \u2013 As obriga\u00e7\u00f5es fundamentais da religi\u00e3o e moralidade e incorporam a express\u00e3o revelada da vontade do Criador em rela\u00e7\u00e3o a todo o dever do homem para com Deus e com seus semelhantesMarcos, S\u00e3o \u2013 O que pode ser reunido da vida &hellip; <\/p>\n<p class=\"link-more\"><a href=\"https:\/\/enciclopediacatolica.com.br\/?page_id=73\" class=\"more-link\">Read the full post &rarr;<span class=\"screen-reader-text\">&#8220;M&#8221;<\/span><\/a><\/p>\n","protected":false},"author":1,"featured_media":0,"parent":0,"menu_order":0,"comment_status":"closed","ping_status":"closed","template":"","meta":{"om_disable_all_campaigns":false,"_monsterinsights_skip_tracking":false,"_monsterinsights_sitenote_active":false,"_monsterinsights_sitenote_note":"","_monsterinsights_sitenote_category":0,"footnotes":""},"class_list":["post-73","page","type-page","status-publish","hentry"],"jetpack_sharing_enabled":true,"_links":{"self":[{"href":"https:\/\/enciclopediacatolica.com.br\/index.php?rest_route=\/wp\/v2\/pages\/73","targetHints":{"allow":["GET"]}}],"collection":[{"href":"https:\/\/enciclopediacatolica.com.br\/index.php?rest_route=\/wp\/v2\/pages"}],"about":[{"href":"https:\/\/enciclopediacatolica.com.br\/index.php?rest_route=\/wp\/v2\/types\/page"}],"author":[{"embeddable":true,"href":"https:\/\/enciclopediacatolica.com.br\/index.php?rest_route=\/wp\/v2\/users\/1"}],"replies":[{"embeddable":true,"href":"https:\/\/enciclopediacatolica.com.br\/index.php?rest_route=%2Fwp%2Fv2%2Fcomments&post=73"}],"version-history":[{"count":2,"href":"https:\/\/enciclopediacatolica.com.br\/index.php?rest_route=\/wp\/v2\/pages\/73\/revisions"}],"predecessor-version":[{"id":465,"href":"https:\/\/enciclopediacatolica.com.br\/index.php?rest_route=\/wp\/v2\/pages\/73\/revisions\/465"}],"wp:attachment":[{"href":"https:\/\/enciclopediacatolica.com.br\/index.php?rest_route=%2Fwp%2Fv2%2Fmedia&parent=73"}],"curies":[{"name":"wp","href":"https:\/\/api.w.org\/{rel}","templated":true}]}}