{"id":75,"date":"2021-05-24T00:24:00","date_gmt":"2021-05-24T03:24:00","guid":{"rendered":"https:\/\/enciclopediacatolica.com.br\/?page_id=75"},"modified":"2021-05-24T22:48:38","modified_gmt":"2021-05-25T01:48:38","slug":"n","status":"publish","type":"page","link":"https:\/\/enciclopediacatolica.com.br\/?page_id=75","title":{"rendered":"N"},"content":{"rendered":"\n<p><a href=\"https:\/\/enciclopediacatolica.com.br\/?p=319\" title=\"Nabo (Nebo)\">Nabo<\/a> \u2013 Uma cidade mencionada em diversas passagens do Antigo Testamento<br><a href=\"https:\/\/enciclopediacatolica.com.br\/?p=321\" title=\"Santos Nabor e F\u00e9lix\">Nabor e F\u00e9lix, Santos<\/a> \u2013 M\u00e1rtires durante a persegui\u00e7\u00e3o de Diocleciano<br><a href=\"https:\/\/enciclopediacatolica.com.br\/?p=323\" title=\"Giacomo Nacchiante\">Nacchiante, Giacomo<\/a> \u2013 Te\u00f3logo dominicano de Floren\u00e7a (m. 1569)<br><a href=\"https:\/\/enciclopediacatolica.com.br\/?p=325\" title=\"Nacoleia\">Nacoleia<\/a> \u2013 S\u00e9 titular metropolitana na Fr\u00edgia Salutar<br><a href=\"https:\/\/enciclopediacatolica.com.br\/?p=327\" title=\"No\u00e9\">No\u00e9<\/a> \u2013 Um estudo desta figura do Antigo Testamento<\/p>\n","protected":false},"excerpt":{"rendered":"<p>Nabo \u2013 Uma cidade mencionada em diversas passagens do Antigo TestamentoNabor e F\u00e9lix, Santos \u2013 M\u00e1rtires durante a persegui\u00e7\u00e3o de DioclecianoNacchiante, Giacomo \u2013 Te\u00f3logo dominicano de Floren\u00e7a (m. 1569)Nacoleia \u2013 S\u00e9 titular metropolitana na Fr\u00edgia SalutarNo\u00e9 \u2013 Um estudo desta figura do Antigo Testamento<\/p>\n","protected":false},"author":1,"featured_media":0,"parent":0,"menu_order":0,"comment_status":"closed","ping_status":"closed","template":"","meta":{"om_disable_all_campaigns":false,"_monsterinsights_skip_tracking":false,"_monsterinsights_sitenote_active":false,"_monsterinsights_sitenote_note":"","_monsterinsights_sitenote_category":0,"footnotes":""},"class_list":["post-75","page","type-page","status-publish","hentry"],"jetpack_sharing_enabled":true,"_links":{"self":[{"href":"https:\/\/enciclopediacatolica.com.br\/index.php?rest_route=\/wp\/v2\/pages\/75","targetHints":{"allow":["GET"]}}],"collection":[{"href":"https:\/\/enciclopediacatolica.com.br\/index.php?rest_route=\/wp\/v2\/pages"}],"about":[{"href":"https:\/\/enciclopediacatolica.com.br\/index.php?rest_route=\/wp\/v2\/types\/page"}],"author":[{"embeddable":true,"href":"https:\/\/enciclopediacatolica.com.br\/index.php?rest_route=\/wp\/v2\/users\/1"}],"replies":[{"embeddable":true,"href":"https:\/\/enciclopediacatolica.com.br\/index.php?rest_route=%2Fwp%2Fv2%2Fcomments&post=75"}],"version-history":[{"count":2,"href":"https:\/\/enciclopediacatolica.com.br\/index.php?rest_route=\/wp\/v2\/pages\/75\/revisions"}],"predecessor-version":[{"id":466,"href":"https:\/\/enciclopediacatolica.com.br\/index.php?rest_route=\/wp\/v2\/pages\/75\/revisions\/466"}],"wp:attachment":[{"href":"https:\/\/enciclopediacatolica.com.br\/index.php?rest_route=%2Fwp%2Fv2%2Fmedia&parent=75"}],"curies":[{"name":"wp","href":"https:\/\/api.w.org\/{rel}","templated":true}]}}