{"id":77,"date":"2021-05-24T00:24:15","date_gmt":"2021-05-24T03:24:15","guid":{"rendered":"https:\/\/enciclopediacatolica.com.br\/?page_id=77"},"modified":"2021-12-02T22:50:36","modified_gmt":"2021-12-03T01:50:36","slug":"o","status":"publish","type":"page","link":"https:\/\/enciclopediacatolica.com.br\/?page_id=77","title":{"rendered":"O"},"content":{"rendered":"\n<p><a href=\"https:\/\/enciclopediacatolica.com.br\/?p=329\" title=\"Frederick Oakeley\">Oakeley, Frederick<\/a> \u2013 Tractariano Ingl\u00eas e convertido (1802-1880)<br><a href=\"https:\/\/enciclopediacatolica.com.br\/?p=331\" title=\"Obedi\u00eancia\">Obedi\u00eancia<\/a> \u2013 O cumprimento de uma ordem ou preceito<br><a href=\"https:\/\/enciclopediacatolica.com.br\/?p=303\" title=\"A Ora\u00e7\u00e3o do Senhor\">Ora\u00e7\u00e3o do Senhor<\/a> \u2013 Embora o termo em latim oratio dominica seja de idade antiga, a frase &#8220;Ora\u00e7\u00e3o do Senhor&#8221; n\u00e3o parece ter sido genericamente familiar na Inglaterra antes da Reforma. Durante a Idade M\u00e9dia o &#8220;Pai Nosso&#8221; era sempre rezado em latim, mesmo pelos analfabetos. Por isso era mais comumente conhecida como o Pater noster.<br><a href=\"https:\/\/enciclopediacatolica.com.br\/?p=561\" title=\"Ortodoxia\">Ortodoxia<\/a> \u2013 Retid\u00e3o de cren\u00e7a ou pureza de f\u00e9<\/p>\n","protected":false},"excerpt":{"rendered":"<p>Oakeley, Frederick \u2013 Tractariano Ingl\u00eas e convertido (1802-1880)Obedi\u00eancia \u2013 O cumprimento de uma ordem ou preceitoOra\u00e7\u00e3o do Senhor \u2013 Embora o termo em latim oratio dominica seja de idade antiga, a frase &#8220;Ora\u00e7\u00e3o do Senhor&#8221; n\u00e3o parece ter sido genericamente familiar na Inglaterra antes da Reforma. Durante a Idade M\u00e9dia o &#8220;Pai Nosso&#8221; era sempre &hellip; <\/p>\n<p class=\"link-more\"><a href=\"https:\/\/enciclopediacatolica.com.br\/?page_id=77\" class=\"more-link\">Read the full post &rarr;<span class=\"screen-reader-text\">&#8220;O&#8221;<\/span><\/a><\/p>\n","protected":false},"author":1,"featured_media":0,"parent":0,"menu_order":0,"comment_status":"closed","ping_status":"closed","template":"","meta":{"om_disable_all_campaigns":false,"_monsterinsights_skip_tracking":false,"_monsterinsights_sitenote_active":false,"_monsterinsights_sitenote_note":"","_monsterinsights_sitenote_category":0,"footnotes":""},"class_list":["post-77","page","type-page","status-publish","hentry"],"jetpack_sharing_enabled":true,"_links":{"self":[{"href":"https:\/\/enciclopediacatolica.com.br\/index.php?rest_route=\/wp\/v2\/pages\/77","targetHints":{"allow":["GET"]}}],"collection":[{"href":"https:\/\/enciclopediacatolica.com.br\/index.php?rest_route=\/wp\/v2\/pages"}],"about":[{"href":"https:\/\/enciclopediacatolica.com.br\/index.php?rest_route=\/wp\/v2\/types\/page"}],"author":[{"embeddable":true,"href":"https:\/\/enciclopediacatolica.com.br\/index.php?rest_route=\/wp\/v2\/users\/1"}],"replies":[{"embeddable":true,"href":"https:\/\/enciclopediacatolica.com.br\/index.php?rest_route=%2Fwp%2Fv2%2Fcomments&post=77"}],"version-history":[{"count":4,"href":"https:\/\/enciclopediacatolica.com.br\/index.php?rest_route=\/wp\/v2\/pages\/77\/revisions"}],"predecessor-version":[{"id":565,"href":"https:\/\/enciclopediacatolica.com.br\/index.php?rest_route=\/wp\/v2\/pages\/77\/revisions\/565"}],"wp:attachment":[{"href":"https:\/\/enciclopediacatolica.com.br\/index.php?rest_route=%2Fwp%2Fv2%2Fmedia&parent=77"}],"curies":[{"name":"wp","href":"https:\/\/api.w.org\/{rel}","templated":true}]}}