{"id":79,"date":"2021-05-24T00:24:23","date_gmt":"2021-05-24T03:24:23","guid":{"rendered":"https:\/\/enciclopediacatolica.com.br\/?page_id=79"},"modified":"2022-12-08T11:28:59","modified_gmt":"2022-12-08T14:28:59","slug":"p","status":"publish","type":"page","link":"https:\/\/enciclopediacatolica.com.br\/?page_id=79","title":{"rendered":"P"},"content":{"rendered":"\n<p><a href=\"https:\/\/enciclopediacatolica.com.br\/?p=333\" title=\"Pacandus\">Pacandus<\/a> \u2013 S\u00e9 titular, gravada sob &#8216;Pacanden.&#8217;<br><a href=\"https:\/\/enciclopediacatolica.com.br\/?p=335\" title=\"P\u00e3es do Altar\">P\u00e3es do altar<\/a> \u2013 P\u00e3o \u00e9 um dos dois elementos absolutamente necess\u00e1rios para o sacrif\u00edcio da Eucaristia<br><a href=\"https:\/\/enciclopediacatolica.com.br\/?p=303\" title=\"A Ora\u00e7\u00e3o do Senhor\">Pai Nosso, O<\/a> \u2013 Embora o termo em latim oratio dominica seja de idade antiga, a frase &#8220;Ora\u00e7\u00e3o do Senhor&#8221; n\u00e3o parece ter sido genericamente familiar na Inglaterra antes da Reforma. Durante a Idade M\u00e9dia o &#8220;Pai Nosso&#8221; era sempre rezado em latim, mesmo pelos analfabetos. Por isso era mais comumente conhecida como o Pater noster.<br><a href=\"https:\/\/enciclopediacatolica.com.br\/?p=338\" title=\"Par\u00e1clito\">Par\u00e1clito<\/a> \u2013 Outro nome para o Esp\u00edrito Santo<br><a href=\"https:\/\/enciclopediacatolica.com.br\/?p=340\" title=\"S\u00e3o Paulo\">Paulo, S\u00e3o<\/a> \u2013 O grande Ap\u00f3stolo dos Gentios<br><a href=\"https:\/\/enciclopediacatolica.com.br\/?p=342\" title=\"S\u00e3o Pedro, o Pr\u00edncipe dos Ap\u00f3stolos\">Pedro, S\u00e3o<\/a> \u2013 Longo artigo sobre a sua vida<br><a href=\"https:\/\/enciclopediacatolica.com.br\/?p=344\" title=\"Bernadine a Piconio\">Piconio, Bernadine a<\/a> \u2013 Capuchinho franc\u00eas (1633-1709)<br><a href=\"https:\/\/enciclopediacatolica.com.br\/?p=759\" title=\"Papa S. Pio V\">Pio V, Papa S.<\/a> \u2013 Biografia do pont\u00edfice do s\u00e9culo XVI<br><a href=\"https:\/\/enciclopediacatolica.com.br\/?p=346\" title=\"Prebenda\">Prebenda<\/a> \u2013 O direito de um membro de um cap\u00edtulo \u00e0 sua parte dos rendimentos da catedral; tamb\u00e9m a parte a que ele tem direito<br><a href=\"https:\/\/enciclopediacatolica.com.br\/?p=348\" title=\"Preceito Can\u00f4nico\">Preceito<\/a> \u2013 Preceito, na sua acep\u00e7\u00e3o comum, \u00e9 o oposto de conselho, conquanto o primeiro imp\u00f5e uma obriga\u00e7\u00e3o, enquanto o \u00faltimo \u00e9 uma persuas\u00e3o<br><a href=\"https:\/\/enciclopediacatolica.com.br\/?p=438\" rel=\"sponsored\" title=\"Santos Pregos\">Pregos, Santos<\/a> \u2013 A quest\u00e3o tem sido longamente debatida, se Cristo foi crucificado com tr\u00eas ou com quatro pregos\u2026<br><a href=\"https:\/\/enciclopediacatolica.com.br\/?p=350\" title=\"Presbit\u00e9rio\">Presbit\u00e9rio<\/a> \u2013 A parte da igreja reservada para o mais alto clero<br><a href=\"https:\/\/enciclopediacatolica.com.br\/?p=506\" title=\"Presb\u00edtero\">Presb\u00edtero<\/a> \u2013 O ministro do culto divino e do sacrif\u00edcio<br><a href=\"https:\/\/enciclopediacatolica.com.br\/?p=498\" title=\"Prociss\u00f5es\">Prociss\u00f5es<\/a> \u2013 Prociss\u00f5es, um elemento em todos os cerimoniais, devem ser encontrados, como \u00e9 de se esperar, em quase todas as formas de culto religioso<br><a href=\"https:\/\/enciclopediacatolica.com.br\/?p=352\" title=\"Pros\u00e9lito\">Pros\u00e9lito<\/a> \u2013 Como usado no Novo Testamento, um convertido ao Juda\u00edsmo<br><a href=\"https:\/\/enciclopediacatolica.com.br\/?p=570\" title=\"Publicano\">Publicano<\/a> \u2013 Um membro ou empregado das companhias financeiras romanas que realizavam a cobran\u00e7a de impostos<br><a href=\"https:\/\/enciclopediacatolica.com.br\/?p=354\" title=\"Purgat\u00f3rio\">Purgat\u00f3rio<\/a> \u2013 Um lugar ou condi\u00e7\u00e3o de puni\u00e7\u00e3o temporal para aqueles que, partindo desta vida na gra\u00e7a de Deus, est\u00e3o, n\u00e3o inteiramente livres das faltas veniais, ou n\u00e3o pagaram completamente a satisfa\u00e7\u00e3o devida por suas transgress\u00f5es<\/p>\n","protected":false},"excerpt":{"rendered":"<p>Pacandus \u2013 S\u00e9 titular, gravada sob &#8216;Pacanden.&#8217;P\u00e3es do altar \u2013 P\u00e3o \u00e9 um dos dois elementos absolutamente necess\u00e1rios para o sacrif\u00edcio da EucaristiaPai Nosso, O \u2013 Embora o termo em latim oratio dominica seja de idade antiga, a frase &#8220;Ora\u00e7\u00e3o do Senhor&#8221; n\u00e3o parece ter sido genericamente familiar na Inglaterra antes da Reforma. Durante a &hellip; <\/p>\n<p class=\"link-more\"><a href=\"https:\/\/enciclopediacatolica.com.br\/?page_id=79\" class=\"more-link\">Read the full post &rarr;<span class=\"screen-reader-text\">&#8220;P&#8221;<\/span><\/a><\/p>\n","protected":false},"author":1,"featured_media":0,"parent":0,"menu_order":0,"comment_status":"closed","ping_status":"closed","template":"","meta":{"om_disable_all_campaigns":false,"_monsterinsights_skip_tracking":false,"_monsterinsights_sitenote_active":false,"_monsterinsights_sitenote_note":"","_monsterinsights_sitenote_category":0,"footnotes":""},"class_list":["post-79","page","type-page","status-publish","hentry"],"jetpack_sharing_enabled":true,"_links":{"self":[{"href":"https:\/\/enciclopediacatolica.com.br\/index.php?rest_route=\/wp\/v2\/pages\/79","targetHints":{"allow":["GET"]}}],"collection":[{"href":"https:\/\/enciclopediacatolica.com.br\/index.php?rest_route=\/wp\/v2\/pages"}],"about":[{"href":"https:\/\/enciclopediacatolica.com.br\/index.php?rest_route=\/wp\/v2\/types\/page"}],"author":[{"embeddable":true,"href":"https:\/\/enciclopediacatolica.com.br\/index.php?rest_route=\/wp\/v2\/users\/1"}],"replies":[{"embeddable":true,"href":"https:\/\/enciclopediacatolica.com.br\/index.php?rest_route=%2Fwp%2Fv2%2Fcomments&post=79"}],"version-history":[{"count":6,"href":"https:\/\/enciclopediacatolica.com.br\/index.php?rest_route=\/wp\/v2\/pages\/79\/revisions"}],"predecessor-version":[{"id":762,"href":"https:\/\/enciclopediacatolica.com.br\/index.php?rest_route=\/wp\/v2\/pages\/79\/revisions\/762"}],"wp:attachment":[{"href":"https:\/\/enciclopediacatolica.com.br\/index.php?rest_route=%2Fwp%2Fv2%2Fmedia&parent=79"}],"curies":[{"name":"wp","href":"https:\/\/api.w.org\/{rel}","templated":true}]}}