{"id":81,"date":"2021-05-24T00:24:41","date_gmt":"2021-05-24T03:24:41","guid":{"rendered":"https:\/\/enciclopediacatolica.com.br\/?page_id=81"},"modified":"2021-05-24T22:54:26","modified_gmt":"2021-05-25T01:54:26","slug":"q","status":"publish","type":"page","link":"https:\/\/enciclopediacatolica.com.br\/?page_id=81","title":{"rendered":"Q"},"content":{"rendered":"\n<p><a href=\"https:\/\/enciclopediacatolica.com.br\/?p=356\" title=\"Quadrado\">Quadrado<\/a> \u2013 Apologista crist\u00e3o do s\u00e9culo segundo<br><a href=\"https:\/\/enciclopediacatolica.com.br\/?p=358\" title=\"Quadrag\u00e9sima\">Quadrag\u00e9sima<\/a> \u2013 Denota um per\u00edodo de prepara\u00e7\u00e3o por jejum e ora\u00e7\u00e3o, para imitar o exemplo de Cristo<br><a href=\"https:\/\/enciclopediacatolica.com.br\/?p=360\" title=\"Quarentenas\">Quarentenas<\/a> \u2013 Uma pena eclesi\u00e1stica estrita de quarenta dias<\/p>\n","protected":false},"excerpt":{"rendered":"<p>Quadrado \u2013 Apologista crist\u00e3o do s\u00e9culo segundoQuadrag\u00e9sima \u2013 Denota um per\u00edodo de prepara\u00e7\u00e3o por jejum e ora\u00e7\u00e3o, para imitar o exemplo de CristoQuarentenas \u2013 Uma pena eclesi\u00e1stica estrita de quarenta dias<\/p>\n","protected":false},"author":1,"featured_media":0,"parent":0,"menu_order":0,"comment_status":"closed","ping_status":"closed","template":"","meta":{"om_disable_all_campaigns":false,"_monsterinsights_skip_tracking":false,"_monsterinsights_sitenote_active":false,"_monsterinsights_sitenote_note":"","_monsterinsights_sitenote_category":0,"footnotes":""},"class_list":["post-81","page","type-page","status-publish","hentry"],"jetpack_sharing_enabled":true,"_links":{"self":[{"href":"https:\/\/enciclopediacatolica.com.br\/index.php?rest_route=\/wp\/v2\/pages\/81","targetHints":{"allow":["GET"]}}],"collection":[{"href":"https:\/\/enciclopediacatolica.com.br\/index.php?rest_route=\/wp\/v2\/pages"}],"about":[{"href":"https:\/\/enciclopediacatolica.com.br\/index.php?rest_route=\/wp\/v2\/types\/page"}],"author":[{"embeddable":true,"href":"https:\/\/enciclopediacatolica.com.br\/index.php?rest_route=\/wp\/v2\/users\/1"}],"replies":[{"embeddable":true,"href":"https:\/\/enciclopediacatolica.com.br\/index.php?rest_route=%2Fwp%2Fv2%2Fcomments&post=81"}],"version-history":[{"count":2,"href":"https:\/\/enciclopediacatolica.com.br\/index.php?rest_route=\/wp\/v2\/pages\/81\/revisions"}],"predecessor-version":[{"id":470,"href":"https:\/\/enciclopediacatolica.com.br\/index.php?rest_route=\/wp\/v2\/pages\/81\/revisions\/470"}],"wp:attachment":[{"href":"https:\/\/enciclopediacatolica.com.br\/index.php?rest_route=%2Fwp%2Fv2%2Fmedia&parent=81"}],"curies":[{"name":"wp","href":"https:\/\/api.w.org\/{rel}","templated":true}]}}