{"id":85,"date":"2021-05-24T00:25:05","date_gmt":"2021-05-24T03:25:05","guid":{"rendered":"https:\/\/enciclopediacatolica.com.br\/?page_id=85"},"modified":"2022-01-08T20:51:16","modified_gmt":"2022-01-08T23:51:16","slug":"s","status":"publish","type":"page","link":"https:\/\/enciclopediacatolica.com.br\/?page_id=85","title":{"rendered":"S"},"content":{"rendered":"\n<p><a href=\"https:\/\/enciclopediacatolica.com.br\/?p=372\" title=\"Manuel de S\u00e1\">S\u00e1, Manuel de<\/a> \u2013 Te\u00f3logo e exegeta portugu\u00eas, n. na Vila do Conde (Prov\u00edncia Entre-Minho-e-Douro), 1530; m. em Arona (It\u00e1lia) em 30 de Dez., 1596<br><a href=\"https:\/\/enciclopediacatolica.com.br\/?p=374\" title=\"Sacril\u00e9gio\">Sacril\u00e9gio<\/a> \u2013 a viola\u00e7\u00e3o ou tratamento ofensivo a objetos sagrados. Num sentido menos pr\u00f3prio qualquer transgress\u00e3o contra a virtude da religi\u00e3o seria um sacril\u00e9gio<br><a href=\"https:\/\/enciclopediacatolica.com.br\/?p=376\" title=\"Sacrist\u00e3o\">Sacrist\u00e3o<\/a> \u2013 Um oficial que \u00e9 encarregado do cuidado da sacristia, da igreja e de seu conte\u00fado. Em tempos antigos muitos dos deveres do sacrist\u00e3o eram realizados pelos porteiros (ostiarii), mais tarde pelos mansionarii e tesoureiros<br><a href=\"https:\/\/enciclopediacatolica.com.br\/?p=378\" title=\"Sacristia\">Sacristia<\/a> \u2013 Uma sala na igreja ou ligada a esta, onde as vestimentas, mobili\u00e1rio da igreja e coisas afins, vasos sagrados, e outros tesouros s\u00e3o guardados, e onde o cl\u00e9rigo se encontra e se veste para as v\u00e1rias fun\u00e7\u00f5es eclesi\u00e1sticas<br><a href=\"https:\/\/enciclopediacatolica.com.br\/?p=380\" title=\"Saduceus\">Saduceus<\/a> \u2013 Uma seita pol\u00edtico religiosa dos judeus durante o p\u00f3s-Ex\u00edlio tardio e o per\u00edodo do Novo Testamento. A velha deriva\u00e7\u00e3o do nome de tsaddiqim, i.e. os corretos, com presumida refer\u00eancia \u00e0 ades\u00e3o dos saduceus \u00e0 letra da Lei em oposi\u00e7\u00e3o \u00e0 aten\u00e7\u00e3o farisaica \u00e0 super emendada \u201ctradi\u00e7\u00e3o dos anci\u00e3os\u201d, \u00e9 agora geralmente desacreditada<br><a href=\"https:\/\/enciclopediacatolica.com.br\/?p=382\" title=\"Salva\u00e7\u00e3o\">Salva\u00e7\u00e3o<\/a> \u2013 Salva\u00e7\u00e3o tem na linguagem das Escrituras o significado geral de liberta\u00e7\u00e3o de circunst\u00e2ncias estreitas ou de outros males, e de uma transforma\u00e7\u00e3o para um estado de liberdade e seguran\u00e7a<br><a href=\"https:\/\/enciclopediacatolica.com.br\/?p=384\" title=\"Salve Rainha\">Salve Rainha<\/a> \u2013 As palavras de abertura (usadas como t\u00edtulo) da mais celebrada das quatro ant\u00edfonas do brevi\u00e1rio da Santa Virgem Maria<br><a href=\"https:\/\/enciclopediacatolica.com.br\/?p=538\" title=\"Santidade\">Santidade<\/a> \u2013 Santidade \u00e9 o resultado da santifica\u00e7\u00e3o, que \u00e9 o ato divino pelo qual Deus gratuitamente nos justifica e pelo qual Ele nos reivindica para Si; pela nossa santidade resultante, em ato assim como em h\u00e1bito, n\u00f3s O reivindicamos como nosso come\u00e7o e fim para o qual n\u00f3s diariamente tendemos com firmeza<br><a href=\"https:\/\/enciclopediacatolica.com.br\/?p=518\" title=\"S\u00e3o Sebasti\u00e3o\">Sebasti\u00e3o, S\u00e3o<\/a> \u2013 Artigo sobre o m\u00e1rtir romano do final do s\u00e9culo III ou in\u00edcio do s\u00e9culo IV<br><a href=\"https:\/\/enciclopediacatolica.com.br\/?p=386\" title=\"Serafim\">Serafim<\/a> \u2013 \u00c9 o nome, uma forma plural hebraica, que designa uma classe especial de assistente celestial da corte de Yahweh<br><a href=\"https:\/\/enciclopediacatolica.com.br\/?p=589\" title=\"S\u00e9rgio e Baco\">S\u00e9rgio e Baco<\/a> \u2013 Soldados, martirizados na persegui\u00e7\u00e3o diocleciana por volta de 303. Universalmente venerados no Oriente<br><a href=\"https:\/\/enciclopediacatolica.com.br\/?p=388\" title=\"S. Sim\u00e3o Ap\u00f3stolo\">Sim\u00e3o Ap\u00f3stolo, Santo<\/a> \u2013 Tamb\u00e9m conhecido como Sim\u00e3o o Zelota<br><a href=\"https:\/\/enciclopediacatolica.com.br\/?p=342\" title=\"S\u00e3o Pedro, o Pr\u00edncipe dos Ap\u00f3stolos\">Sim\u00e3o Pedro<\/a> \u2013 Longo artigo sobre a sua vida<br><a href=\"https:\/\/enciclopediacatolica.com.br\/?p=574\" title=\"S. Sim\u00e3o Stock\">Sim\u00e3o Stock, Santo<\/a> \u2013 Biografia do carmelita ingl\u00eas, sexto prior geral da Ordem. Associado com o escapul\u00e1rio marrom. Morto em 1265<br><a href=\"https:\/\/enciclopediacatolica.com.br\/?p=390\" title=\"Sinal da Cruz\">Sinal da Cruz<\/a> \u2013 Um termo aplicado a v\u00e1rios atos manuais, lit\u00fargicos ou de car\u00e1ter devocional, que possuem pelo menos o seguinte em comum: que pelo gesto de tra\u00e7ar duas linhas atravessadas em um \u00e2ngulo reto elas indiquem simbolicamente a figura da cruz de Cristo<br><a href=\"https:\/\/enciclopediacatolica.com.br\/?p=632\" title=\"Papa S. Sisto I\">Sisto I, Papa S.<\/a> \u2013 M\u00e1rtir, reinou por dez anos no come\u00e7o do s\u00e9culo II<\/p>\n","protected":false},"excerpt":{"rendered":"<p>S\u00e1, Manuel de \u2013 Te\u00f3logo e exegeta portugu\u00eas, n. na Vila do Conde (Prov\u00edncia Entre-Minho-e-Douro), 1530; m. em Arona (It\u00e1lia) em 30 de Dez., 1596Sacril\u00e9gio \u2013 a viola\u00e7\u00e3o ou tratamento ofensivo a objetos sagrados. Num sentido menos pr\u00f3prio qualquer transgress\u00e3o contra a virtude da religi\u00e3o seria um sacril\u00e9gioSacrist\u00e3o \u2013 Um oficial que \u00e9 encarregado do &hellip; <\/p>\n<p class=\"link-more\"><a href=\"https:\/\/enciclopediacatolica.com.br\/?page_id=85\" class=\"more-link\">Read the full post &rarr;<span class=\"screen-reader-text\">&#8220;S&#8221;<\/span><\/a><\/p>\n","protected":false},"author":1,"featured_media":0,"parent":0,"menu_order":0,"comment_status":"closed","ping_status":"closed","template":"","meta":{"om_disable_all_campaigns":false,"_monsterinsights_skip_tracking":false,"_monsterinsights_sitenote_active":false,"_monsterinsights_sitenote_note":"","_monsterinsights_sitenote_category":0,"footnotes":""},"class_list":["post-85","page","type-page","status-publish","hentry"],"jetpack_sharing_enabled":true,"_links":{"self":[{"href":"https:\/\/enciclopediacatolica.com.br\/index.php?rest_route=\/wp\/v2\/pages\/85","targetHints":{"allow":["GET"]}}],"collection":[{"href":"https:\/\/enciclopediacatolica.com.br\/index.php?rest_route=\/wp\/v2\/pages"}],"about":[{"href":"https:\/\/enciclopediacatolica.com.br\/index.php?rest_route=\/wp\/v2\/types\/page"}],"author":[{"embeddable":true,"href":"https:\/\/enciclopediacatolica.com.br\/index.php?rest_route=\/wp\/v2\/users\/1"}],"replies":[{"embeddable":true,"href":"https:\/\/enciclopediacatolica.com.br\/index.php?rest_route=%2Fwp%2Fv2%2Fcomments&post=85"}],"version-history":[{"count":7,"href":"https:\/\/enciclopediacatolica.com.br\/index.php?rest_route=\/wp\/v2\/pages\/85\/revisions"}],"predecessor-version":[{"id":635,"href":"https:\/\/enciclopediacatolica.com.br\/index.php?rest_route=\/wp\/v2\/pages\/85\/revisions\/635"}],"wp:attachment":[{"href":"https:\/\/enciclopediacatolica.com.br\/index.php?rest_route=%2Fwp%2Fv2%2Fmedia&parent=85"}],"curies":[{"name":"wp","href":"https:\/\/api.w.org\/{rel}","templated":true}]}}