{"id":87,"date":"2021-05-24T00:25:15","date_gmt":"2021-05-24T03:25:15","guid":{"rendered":"https:\/\/enciclopediacatolica.com.br\/?page_id=87"},"modified":"2021-12-28T07:20:42","modified_gmt":"2021-12-28T10:20:42","slug":"t","status":"publish","type":"page","link":"https:\/\/enciclopediacatolica.com.br\/?page_id=87","title":{"rendered":"T"},"content":{"rendered":"\n<p><a href=\"https:\/\/enciclopediacatolica.com.br\/?p=392\" title=\"Tab\u00e6\">Tab\u00e6<\/a> \u2013 S\u00e9 titular na C\u00e1ria, sufrag\u00e2nea de Estaur\u00f3polis<br><a href=\"https:\/\/enciclopediacatolica.com.br\/?p=594\" title=\"Sta. Teresa de Lisieux\">Teresa de Lisieux, Santa<\/a> \u2013 Breve artigo biogr\u00e1fico escrito por Edith Donovan<br><a href=\"https:\/\/enciclopediacatolica.com.br\/?p=394\" title=\"S\u00e3o Tiago Maior\">Tiago Maior, S\u00e3o<\/a> \u2013 O que pode ser conhecido de S. Tiago, filho de Zebedeu e irm\u00e3o de Jo\u00e3o, das Escrituras. Tamb\u00e9m discute a tradi\u00e7\u00e3o de que S. Tiago pregou na Espanha e que seu corpo foi transladado para Compostela<br><a href=\"https:\/\/enciclopediacatolica.com.br\/?p=396\" title=\"S\u00e3o Tiago Menor\">Tiago Menor, S\u00e3o<\/a> \u2013 Identifica Tiago Menor com Tiago o ap\u00f3stolo, filho de Alfeu e com Tiago o irm\u00e3o do Senhor<br><a href=\"https:\/\/enciclopediacatolica.com.br\/?p=529\" title=\"Tiber\u00edades\">Tiber\u00edades<\/a> \u2013 S\u00e9 titular, sufrag\u00e2nea de Cit\u00f3polis, na Palestina Secunda<br><a href=\"https:\/\/enciclopediacatolica.com.br\/?p=398\" title=\"S. Tom\u00e9 Ap\u00f3stolo\">Tom\u00e9 Ap\u00f3stolo, S\u00e3o<\/a> \u2013 Artigo sobre Tom\u00e9 nas Escrituras e nas lendas<br><a href=\"https:\/\/enciclopediacatolica.com.br\/?p=400\" title=\"Torre de Babel\">Torre de Babel<\/a> \u2013 Informa\u00e7\u00f5es sobre a hist\u00f3ria, localiza\u00e7\u00e3o e constru\u00e7\u00e3o da torre<br><a href=\"https:\/\/enciclopediacatolica.com.br\/?p=514\" title=\"Domingo da Trindade\">Trindade, Domingo da<\/a> \u2013 O primeiro domingo ap\u00f3s Pentecostes, institu\u00eddo em honra da Sant\u00edssima Trindade<\/p>\n","protected":false},"excerpt":{"rendered":"<p>Tab\u00e6 \u2013 S\u00e9 titular na C\u00e1ria, sufrag\u00e2nea de Estaur\u00f3polisTeresa de Lisieux, Santa \u2013 Breve artigo biogr\u00e1fico escrito por Edith DonovanTiago Maior, S\u00e3o \u2013 O que pode ser conhecido de S. Tiago, filho de Zebedeu e irm\u00e3o de Jo\u00e3o, das Escrituras. Tamb\u00e9m discute a tradi\u00e7\u00e3o de que S. Tiago pregou na Espanha e que seu corpo &hellip; <\/p>\n<p class=\"link-more\"><a href=\"https:\/\/enciclopediacatolica.com.br\/?page_id=87\" class=\"more-link\">Read the full post &rarr;<span class=\"screen-reader-text\">&#8220;T&#8221;<\/span><\/a><\/p>\n","protected":false},"author":1,"featured_media":0,"parent":0,"menu_order":0,"comment_status":"closed","ping_status":"closed","template":"","meta":{"om_disable_all_campaigns":false,"_monsterinsights_skip_tracking":false,"_monsterinsights_sitenote_active":false,"_monsterinsights_sitenote_note":"","_monsterinsights_sitenote_category":0,"footnotes":""},"class_list":["post-87","page","type-page","status-publish","hentry"],"jetpack_sharing_enabled":true,"_links":{"self":[{"href":"https:\/\/enciclopediacatolica.com.br\/index.php?rest_route=\/wp\/v2\/pages\/87","targetHints":{"allow":["GET"]}}],"collection":[{"href":"https:\/\/enciclopediacatolica.com.br\/index.php?rest_route=\/wp\/v2\/pages"}],"about":[{"href":"https:\/\/enciclopediacatolica.com.br\/index.php?rest_route=\/wp\/v2\/types\/page"}],"author":[{"embeddable":true,"href":"https:\/\/enciclopediacatolica.com.br\/index.php?rest_route=\/wp\/v2\/users\/1"}],"replies":[{"embeddable":true,"href":"https:\/\/enciclopediacatolica.com.br\/index.php?rest_route=%2Fwp%2Fv2%2Fcomments&post=87"}],"version-history":[{"count":5,"href":"https:\/\/enciclopediacatolica.com.br\/index.php?rest_route=\/wp\/v2\/pages\/87\/revisions"}],"predecessor-version":[{"id":597,"href":"https:\/\/enciclopediacatolica.com.br\/index.php?rest_route=\/wp\/v2\/pages\/87\/revisions\/597"}],"wp:attachment":[{"href":"https:\/\/enciclopediacatolica.com.br\/index.php?rest_route=%2Fwp%2Fv2%2Fmedia&parent=87"}],"curies":[{"name":"wp","href":"https:\/\/api.w.org\/{rel}","templated":true}]}}