{"id":91,"date":"2021-05-24T00:25:44","date_gmt":"2021-05-24T03:25:44","guid":{"rendered":"https:\/\/enciclopediacatolica.com.br\/?page_id=91"},"modified":"2021-12-07T07:47:30","modified_gmt":"2021-12-07T10:47:30","slug":"v","status":"publish","type":"page","link":"https:\/\/enciclopediacatolica.com.br\/?page_id=91","title":{"rendered":"V"},"content":{"rendered":"\n<p><a href=\"https:\/\/enciclopediacatolica.com.br\/?p=408\" title=\"Abadia de S\u00e3o Vaast\">Vaast, Abadia de S\u00e3o<\/a> \u2013 Situada em Arras, a antiga capital de Artois, Distrito de Pas-de-Calais, Fran\u00e7a; fundada em 667<br><a href=\"https:\/\/enciclopediacatolica.com.br\/?p=410\" title=\"Vac\u00e2ncia\">Vac\u00e2ncia<\/a> \u2013 um termo aplicado a um of\u00edcio ou posi\u00e7\u00e3o desprovida de um incumbente, como um benef\u00edcio vacante, bispado ou par\u00f3quia<br><a href=\"https:\/\/enciclopediacatolica.com.br\/?p=418\" title=\"Diocese de Waitzen\">V\u00e1cz, Diocese de<\/a> \u2013 Localizada na Hungria; sufrag\u00e2nea de Gran; provavelmente fundada pelo Rei Sto. Est\u00eav\u00e3o<br><a href=\"https:\/\/enciclopediacatolica.com.br\/?p=412\" title=\"Abadia De Vadstena\">Vadstena, Abadia de<\/a> \u2013 Fundada na Su\u00e9cia por Sta. Br\u00edgida em 1346<br><a href=\"https:\/\/enciclopediacatolica.com.br\/?p=566\" title=\"Velas\">Velas<\/a> \u2013 A palavra vela (candle) (candela, de candeo, queimar) foi introduzida na l\u00edngua inglesa como um termo eclesi\u00e1stico, provavelmente no in\u00edcio do s\u00e9culo VIII<br><a href=\"https:\/\/enciclopediacatolica.com.br\/?p=483\" title=\"Vinho do altar\">Vinho do altar<\/a> \u2013 Vinho \u00e9 um dos dois elementos absolutamente necess\u00e1rios para o sacrif\u00edcio da Eucaristia. Para uma v\u00e1lida e l\u00edcita consagra\u00e7\u00e3o vinum de vite, i.e. o puro suco de uva naturalmente e propriamente fermentado, deve ser usado<br><a href=\"https:\/\/enciclopediacatolica.com.br\/?p=414\" title=\"A Bem-Aventurada Virgem Maria\" rel=\"nofollow\">Virgem Maria, A<\/a> \u2013 A Bem-Aventurada Virgem Maria \u00e9 a m\u00e3e de Jesus Cristo, a m\u00e3e de Deus<br><a href=\"https:\/\/enciclopediacatolica.com.br\/?p=416\" title=\"Vi\u00fava\">Vi\u00fava<\/a> \u2013 As prescri\u00e7\u00f5es can\u00f4nicas a respeito das vi\u00favas no Antigo Testamento se referem principalmente \u00e0 quest\u00e3o do recasamento<\/p>\n","protected":false},"excerpt":{"rendered":"<p>Vaast, Abadia de S\u00e3o \u2013 Situada em Arras, a antiga capital de Artois, Distrito de Pas-de-Calais, Fran\u00e7a; fundada em 667Vac\u00e2ncia \u2013 um termo aplicado a um of\u00edcio ou posi\u00e7\u00e3o desprovida de um incumbente, como um benef\u00edcio vacante, bispado ou par\u00f3quiaV\u00e1cz, Diocese de \u2013 Localizada na Hungria; sufrag\u00e2nea de Gran; provavelmente fundada pelo Rei Sto. Est\u00eav\u00e3oVadstena, &hellip; <\/p>\n<p class=\"link-more\"><a href=\"https:\/\/enciclopediacatolica.com.br\/?page_id=91\" class=\"more-link\">Read the full post &rarr;<span class=\"screen-reader-text\">&#8220;V&#8221;<\/span><\/a><\/p>\n","protected":false},"author":1,"featured_media":0,"parent":0,"menu_order":0,"comment_status":"closed","ping_status":"closed","template":"","meta":{"om_disable_all_campaigns":false,"_monsterinsights_skip_tracking":false,"_monsterinsights_sitenote_active":false,"_monsterinsights_sitenote_note":"","_monsterinsights_sitenote_category":0,"footnotes":""},"class_list":["post-91","page","type-page","status-publish","hentry"],"jetpack_sharing_enabled":true,"_links":{"self":[{"href":"https:\/\/enciclopediacatolica.com.br\/index.php?rest_route=\/wp\/v2\/pages\/91","targetHints":{"allow":["GET"]}}],"collection":[{"href":"https:\/\/enciclopediacatolica.com.br\/index.php?rest_route=\/wp\/v2\/pages"}],"about":[{"href":"https:\/\/enciclopediacatolica.com.br\/index.php?rest_route=\/wp\/v2\/types\/page"}],"author":[{"embeddable":true,"href":"https:\/\/enciclopediacatolica.com.br\/index.php?rest_route=\/wp\/v2\/users\/1"}],"replies":[{"embeddable":true,"href":"https:\/\/enciclopediacatolica.com.br\/index.php?rest_route=%2Fwp%2Fv2%2Fcomments&post=91"}],"version-history":[{"count":4,"href":"https:\/\/enciclopediacatolica.com.br\/index.php?rest_route=\/wp\/v2\/pages\/91\/revisions"}],"predecessor-version":[{"id":569,"href":"https:\/\/enciclopediacatolica.com.br\/index.php?rest_route=\/wp\/v2\/pages\/91\/revisions\/569"}],"wp:attachment":[{"href":"https:\/\/enciclopediacatolica.com.br\/index.php?rest_route=%2Fwp%2Fv2%2Fmedia&parent=91"}],"curies":[{"name":"wp","href":"https:\/\/api.w.org\/{rel}","templated":true}]}}