{"id":95,"date":"2021-05-24T00:26:02","date_gmt":"2021-05-24T03:26:02","guid":{"rendered":"https:\/\/enciclopediacatolica.com.br\/?page_id=95"},"modified":"2021-05-24T23:06:20","modified_gmt":"2021-05-25T02:06:20","slug":"x","status":"publish","type":"page","link":"https:\/\/enciclopediacatolica.com.br\/?page_id=95","title":{"rendered":"X"},"content":{"rendered":"\n<p><a href=\"https:\/\/enciclopediacatolica.com.br\/?p=426\" title=\"Ven. Anne de Xainctonge\">Xainctonge, Vener\u00e1vel Anne de<\/a> \u2013 Fundadora da Sociedade das Irm\u00e3s de Sta. \u00darsula da Sant\u00edssima Virgem<br><a href=\"https:\/\/enciclopediacatolica.com.br\/?p=428\" title=\"Didacus Ximenes\">Ximenes, Didacus<\/a> \u2013 Um Dominicano espanhol do s\u00e9culo XVI; famoso como te\u00f3logo, fil\u00f3sofo e astr\u00f4nomo<\/p>\n","protected":false},"excerpt":{"rendered":"<p>Xainctonge, Vener\u00e1vel Anne de \u2013 Fundadora da Sociedade das Irm\u00e3s de Sta. \u00darsula da Sant\u00edssima VirgemXimenes, Didacus \u2013 Um Dominicano espanhol do s\u00e9culo XVI; famoso como te\u00f3logo, fil\u00f3sofo e astr\u00f4nomo<\/p>\n","protected":false},"author":1,"featured_media":0,"parent":0,"menu_order":0,"comment_status":"closed","ping_status":"closed","template":"","meta":{"om_disable_all_campaigns":false,"_monsterinsights_skip_tracking":false,"_monsterinsights_sitenote_active":false,"_monsterinsights_sitenote_note":"","_monsterinsights_sitenote_category":0,"footnotes":""},"class_list":["post-95","page","type-page","status-publish","hentry"],"jetpack_sharing_enabled":true,"_links":{"self":[{"href":"https:\/\/enciclopediacatolica.com.br\/index.php?rest_route=\/wp\/v2\/pages\/95","targetHints":{"allow":["GET"]}}],"collection":[{"href":"https:\/\/enciclopediacatolica.com.br\/index.php?rest_route=\/wp\/v2\/pages"}],"about":[{"href":"https:\/\/enciclopediacatolica.com.br\/index.php?rest_route=\/wp\/v2\/types\/page"}],"author":[{"embeddable":true,"href":"https:\/\/enciclopediacatolica.com.br\/index.php?rest_route=\/wp\/v2\/users\/1"}],"replies":[{"embeddable":true,"href":"https:\/\/enciclopediacatolica.com.br\/index.php?rest_route=%2Fwp%2Fv2%2Fcomments&post=95"}],"version-history":[{"count":2,"href":"https:\/\/enciclopediacatolica.com.br\/index.php?rest_route=\/wp\/v2\/pages\/95\/revisions"}],"predecessor-version":[{"id":480,"href":"https:\/\/enciclopediacatolica.com.br\/index.php?rest_route=\/wp\/v2\/pages\/95\/revisions\/480"}],"wp:attachment":[{"href":"https:\/\/enciclopediacatolica.com.br\/index.php?rest_route=%2Fwp%2Fv2%2Fmedia&parent=95"}],"curies":[{"name":"wp","href":"https:\/\/api.w.org\/{rel}","templated":true}]}}