{"id":97,"date":"2021-05-24T00:26:11","date_gmt":"2021-05-24T03:26:11","guid":{"rendered":"https:\/\/enciclopediacatolica.com.br\/?page_id=97"},"modified":"2021-05-24T23:07:23","modified_gmt":"2021-05-25T02:07:23","slug":"y","status":"publish","type":"page","link":"https:\/\/enciclopediacatolica.com.br\/?page_id=97","title":{"rendered":"Y"},"content":{"rendered":"\n<p><a href=\"https:\/\/enciclopediacatolica.com.br\/?p=430\" title=\"Jehovah (Yahweh)\">Yahweh<\/a> \u2013 Nome pr\u00f3prio de Deus no Antigo Testamento<br><a href=\"https:\/\/enciclopediacatolica.com.br\/?p=432\" title=\"\u00cdndios Yamasee\">Yamasee, \u00cdndios<\/a> \u2013 Uma tribo da linhagem Muskhogean, mencionada frequentemente na hist\u00f3ria da Carolina do Sul, que residia anteriormente pr\u00f3xima ao Rio Savannah e na Fl\u00f3rida<\/p>\n","protected":false},"excerpt":{"rendered":"<p>Yahweh \u2013 Nome pr\u00f3prio de Deus no Antigo TestamentoYamasee, \u00cdndios \u2013 Uma tribo da linhagem Muskhogean, mencionada frequentemente na hist\u00f3ria da Carolina do Sul, que residia anteriormente pr\u00f3xima ao Rio Savannah e na Fl\u00f3rida<\/p>\n","protected":false},"author":1,"featured_media":0,"parent":0,"menu_order":0,"comment_status":"closed","ping_status":"closed","template":"","meta":{"om_disable_all_campaigns":false,"_monsterinsights_skip_tracking":false,"_monsterinsights_sitenote_active":false,"_monsterinsights_sitenote_note":"","_monsterinsights_sitenote_category":0,"footnotes":""},"class_list":["post-97","page","type-page","status-publish","hentry"],"jetpack_sharing_enabled":true,"_links":{"self":[{"href":"https:\/\/enciclopediacatolica.com.br\/index.php?rest_route=\/wp\/v2\/pages\/97","targetHints":{"allow":["GET"]}}],"collection":[{"href":"https:\/\/enciclopediacatolica.com.br\/index.php?rest_route=\/wp\/v2\/pages"}],"about":[{"href":"https:\/\/enciclopediacatolica.com.br\/index.php?rest_route=\/wp\/v2\/types\/page"}],"author":[{"embeddable":true,"href":"https:\/\/enciclopediacatolica.com.br\/index.php?rest_route=\/wp\/v2\/users\/1"}],"replies":[{"embeddable":true,"href":"https:\/\/enciclopediacatolica.com.br\/index.php?rest_route=%2Fwp%2Fv2%2Fcomments&post=97"}],"version-history":[{"count":2,"href":"https:\/\/enciclopediacatolica.com.br\/index.php?rest_route=\/wp\/v2\/pages\/97\/revisions"}],"predecessor-version":[{"id":481,"href":"https:\/\/enciclopediacatolica.com.br\/index.php?rest_route=\/wp\/v2\/pages\/97\/revisions\/481"}],"wp:attachment":[{"href":"https:\/\/enciclopediacatolica.com.br\/index.php?rest_route=%2Fwp%2Fv2%2Fmedia&parent=97"}],"curies":[{"name":"wp","href":"https:\/\/api.w.org\/{rel}","templated":true}]}}