{"id":99,"date":"2021-05-24T00:26:20","date_gmt":"2021-05-24T03:26:20","guid":{"rendered":"https:\/\/enciclopediacatolica.com.br\/?page_id=99"},"modified":"2021-05-24T23:08:12","modified_gmt":"2021-05-25T02:08:12","slug":"z","status":"publish","type":"page","link":"https:\/\/enciclopediacatolica.com.br\/?page_id=99","title":{"rendered":"Z"},"content":{"rendered":"\n<p><a href=\"https:\/\/enciclopediacatolica.com.br\/?p=434\" title=\"Francesco Zabarella\">Zabarella, Francesco<\/a> \u2013 Cardeal, celebrado canonista, nascido em P\u00e1dua (1360-1417)<br><a href=\"https:\/\/enciclopediacatolica.com.br\/?p=436\" title=\"Zacatecas\">Zacatecas<\/a> \u2013 Diocese na Rep\u00fablica do M\u00e9xico, sufrag\u00e2nea de Guadalajara<\/p>\n","protected":false},"excerpt":{"rendered":"<p>Zabarella, Francesco \u2013 Cardeal, celebrado canonista, nascido em P\u00e1dua (1360-1417)Zacatecas \u2013 Diocese na Rep\u00fablica do M\u00e9xico, sufrag\u00e2nea de Guadalajara<\/p>\n","protected":false},"author":1,"featured_media":0,"parent":0,"menu_order":0,"comment_status":"closed","ping_status":"closed","template":"","meta":{"om_disable_all_campaigns":false,"_monsterinsights_skip_tracking":false,"_monsterinsights_sitenote_active":false,"_monsterinsights_sitenote_note":"","_monsterinsights_sitenote_category":0,"footnotes":""},"class_list":["post-99","page","type-page","status-publish","hentry"],"jetpack_sharing_enabled":true,"_links":{"self":[{"href":"https:\/\/enciclopediacatolica.com.br\/index.php?rest_route=\/wp\/v2\/pages\/99","targetHints":{"allow":["GET"]}}],"collection":[{"href":"https:\/\/enciclopediacatolica.com.br\/index.php?rest_route=\/wp\/v2\/pages"}],"about":[{"href":"https:\/\/enciclopediacatolica.com.br\/index.php?rest_route=\/wp\/v2\/types\/page"}],"author":[{"embeddable":true,"href":"https:\/\/enciclopediacatolica.com.br\/index.php?rest_route=\/wp\/v2\/users\/1"}],"replies":[{"embeddable":true,"href":"https:\/\/enciclopediacatolica.com.br\/index.php?rest_route=%2Fwp%2Fv2%2Fcomments&post=99"}],"version-history":[{"count":2,"href":"https:\/\/enciclopediacatolica.com.br\/index.php?rest_route=\/wp\/v2\/pages\/99\/revisions"}],"predecessor-version":[{"id":482,"href":"https:\/\/enciclopediacatolica.com.br\/index.php?rest_route=\/wp\/v2\/pages\/99\/revisions\/482"}],"wp:attachment":[{"href":"https:\/\/enciclopediacatolica.com.br\/index.php?rest_route=%2Fwp%2Fv2%2Fmedia&parent=99"}],"curies":[{"name":"wp","href":"https:\/\/api.w.org\/{rel}","templated":true}]}}